
{"id":9420,"date":"2020-05-07T15:53:01","date_gmt":"2020-05-07T12:53:01","guid":{"rendered":"https:\/\/torpfrys.fi\/?page_id=9420"},"modified":"2020-05-07T15:53:01","modified_gmt":"2020-05-07T12:53:01","slug":"sms-login","status":"publish","type":"page","link":"https:\/\/torpfrys.fi\/fi\/sms-login\/","title":{"rendered":"SMS Login"},"content":{"rendered":"        <div class=\"torpf-smsLogin\">\r\n            <h4 class=\"torpf-smsLogin__heading\">Kirjaudu sis\u00e4\u00e4n <\/h4>\r\n            <label for=\"torpf-smsLogin__field\"> Anna puhelinnumero <\/label>\r\n                            <form action=\"\" class=\"torpf-smsLogin__form\">\r\n                    <input type=\"text\" id=\"torpf-smsLogin__field\" name=\"sms-login-phone\"><\/input>\r\n                    <input type=\"submit\" value=\"L\u00e4het\u00e4\">\r\n                <\/form>\r\n                        <h6 class=\"torpf-smsLogin__alternativeLogin\"><a href=\"\/torplogin\"> Kirjaudu sis\u00e4\u00e4n salasanalla t\u00e4st\u00e4 > <\/a><\/h6>\r\n        <\/div>\r\n        \n","protected":false},"excerpt":{"rendered":"<p>Kirjaudu sis\u00e4\u00e4n Anna puhelinnumero Kirjaudu sis\u00e4\u00e4n salasanalla t\u00e4st\u00e4 ><\/p>\n","protected":false},"author":8,"featured_media":0,"parent":0,"menu_order":0,"comment_status":"closed","ping_status":"closed","template":"","meta":{"footnotes":""},"class_list":["post-9420","page","type-page","status-publish","hentry","description-off"],"yoast_head":"<!-- This site is optimized with the Yoast SEO plugin v24.9 - https:\/\/yoast.com\/wordpress\/plugins\/seo\/ -->\n<title>Torp Frys | SMS Login<\/title>\n<meta name=\"robots\" content=\"index, follow, max-snippet:-1, max-image-preview:large, max-video-preview:-1\" \/>\n<link rel=\"canonical\" href=\"https:\/\/torpfrys.fi\/fi\/sms-login\/\" \/>\n<meta property=\"og:locale\" content=\"fi_FI\" \/>\n<meta property=\"og:type\" content=\"article\" \/>\n<meta property=\"og:title\" content=\"Torp Frys | SMS Login\" \/>\n<meta property=\"og:url\" content=\"https:\/\/torpfrys.fi\/fi\/sms-login\/\" \/>\n<meta property=\"og:site_name\" content=\"Torp Frys\" \/>\n<meta name=\"twitter:card\" content=\"summary_large_image\" \/>\n<script type=\"application\/ld+json\" class=\"yoast-schema-graph\">{\"@context\":\"https:\/\/schema.org\",\"@graph\":[{\"@type\":\"WebPage\",\"@id\":\"https:\/\/torpfrys.fi\/fi\/sms-login\/\",\"url\":\"https:\/\/torpfrys.fi\/fi\/sms-login\/\",\"name\":\"Torp Frys | SMS Login\",\"isPartOf\":{\"@id\":\"https:\/\/torpfrys.fi\/fi\/#website\"},\"datePublished\":\"2020-05-07T12:53:01+00:00\",\"breadcrumb\":{\"@id\":\"https:\/\/torpfrys.fi\/fi\/sms-login\/#breadcrumb\"},\"inLanguage\":\"fi\",\"potentialAction\":[{\"@type\":\"ReadAction\",\"target\":[\"https:\/\/torpfrys.fi\/fi\/sms-login\/\"]}]},{\"@type\":\"BreadcrumbList\",\"@id\":\"https:\/\/torpfrys.fi\/fi\/sms-login\/#breadcrumb\",\"itemListElement\":[{\"@type\":\"ListItem\",\"position\":1,\"name\":\"Hem\",\"item\":\"https:\/\/torpfrys.fi\/fi\/\"},{\"@type\":\"ListItem\",\"position\":2,\"name\":\"SMS Login\"}]},{\"@type\":\"WebSite\",\"@id\":\"https:\/\/torpfrys.fi\/fi\/#website\",\"url\":\"https:\/\/torpfrys.fi\/fi\/\",\"name\":\"Torp Frys\",\"description\":\"\",\"potentialAction\":[{\"@type\":\"SearchAction\",\"target\":{\"@type\":\"EntryPoint\",\"urlTemplate\":\"https:\/\/torpfrys.fi\/fi\/?s={search_term_string}\"},\"query-input\":{\"@type\":\"PropertyValueSpecification\",\"valueRequired\":true,\"valueName\":\"search_term_string\"}}],\"inLanguage\":\"fi\"}]}<\/script>\n<!-- \/ Yoast SEO plugin. -->","yoast_head_json":{"title":"Torp Frys | SMS Login","robots":{"index":"index","follow":"follow","max-snippet":"max-snippet:-1","max-image-preview":"max-image-preview:large","max-video-preview":"max-video-preview:-1"},"canonical":"https:\/\/torpfrys.fi\/fi\/sms-login\/","og_locale":"fi_FI","og_type":"article","og_title":"Torp Frys | SMS Login","og_url":"https:\/\/torpfrys.fi\/fi\/sms-login\/","og_site_name":"Torp Frys","twitter_card":"summary_large_image","schema":{"@context":"https:\/\/schema.org","@graph":[{"@type":"WebPage","@id":"https:\/\/torpfrys.fi\/fi\/sms-login\/","url":"https:\/\/torpfrys.fi\/fi\/sms-login\/","name":"Torp Frys | SMS Login","isPartOf":{"@id":"https:\/\/torpfrys.fi\/fi\/#website"},"datePublished":"2020-05-07T12:53:01+00:00","breadcrumb":{"@id":"https:\/\/torpfrys.fi\/fi\/sms-login\/#breadcrumb"},"inLanguage":"fi","potentialAction":[{"@type":"ReadAction","target":["https:\/\/torpfrys.fi\/fi\/sms-login\/"]}]},{"@type":"BreadcrumbList","@id":"https:\/\/torpfrys.fi\/fi\/sms-login\/#breadcrumb","itemListElement":[{"@type":"ListItem","position":1,"name":"Hem","item":"https:\/\/torpfrys.fi\/fi\/"},{"@type":"ListItem","position":2,"name":"SMS Login"}]},{"@type":"WebSite","@id":"https:\/\/torpfrys.fi\/fi\/#website","url":"https:\/\/torpfrys.fi\/fi\/","name":"Torp Frys","description":"","potentialAction":[{"@type":"SearchAction","target":{"@type":"EntryPoint","urlTemplate":"https:\/\/torpfrys.fi\/fi\/?s={search_term_string}"},"query-input":{"@type":"PropertyValueSpecification","valueRequired":true,"valueName":"search_term_string"}}],"inLanguage":"fi"}]}},"_links":{"self":[{"href":"https:\/\/torpfrys.fi\/fi\/wp-json\/wp\/v2\/pages\/9420","targetHints":{"allow":["GET"]}}],"collection":[{"href":"https:\/\/torpfrys.fi\/fi\/wp-json\/wp\/v2\/pages"}],"about":[{"href":"https:\/\/torpfrys.fi\/fi\/wp-json\/wp\/v2\/types\/page"}],"author":[{"embeddable":true,"href":"https:\/\/torpfrys.fi\/fi\/wp-json\/wp\/v2\/users\/8"}],"replies":[{"embeddable":true,"href":"https:\/\/torpfrys.fi\/fi\/wp-json\/wp\/v2\/comments?post=9420"}],"version-history":[{"count":1,"href":"https:\/\/torpfrys.fi\/fi\/wp-json\/wp\/v2\/pages\/9420\/revisions"}],"predecessor-version":[{"id":9421,"href":"https:\/\/torpfrys.fi\/fi\/wp-json\/wp\/v2\/pages\/9420\/revisions\/9421"}],"wp:attachment":[{"href":"https:\/\/torpfrys.fi\/fi\/wp-json\/wp\/v2\/media?parent=9420"}],"curies":[{"name":"wp","href":"https:\/\/api.w.org\/{rel}","templated":true}]}}