
{"id":6712,"date":"2017-10-04T14:18:41","date_gmt":"2017-10-04T11:18:41","guid":{"rendered":"https:\/\/torpfrys.fi\/framsida-2017-redesign\/"},"modified":"2024-11-26T11:36:50","modified_gmt":"2024-11-26T09:36:50","slug":"aloitussivu-2","status":"publish","type":"page","link":"https:\/\/torpfrys.fi\/fi\/","title":{"rendered":"Aloitussivu"},"content":{"rendered":"<div class=\"wpb-content-wrapper\"><p>[vc_row margin_top=&#8221;-20px&#8221; el_class=&#8221;torpf-frontpage-menu&#8221;][vc_column][vc_widget_sidebar show_bg=&#8221;false&#8221; sidebar_id=&#8221;sidebar_7&#8243;][\/vc_column][\/vc_row][vc_row type=&#8221;vc_default&#8221; full_width=&#8221;stretch_row_content_no_spaces&#8221; min_height=&#8221;50%&#8221; el_class=&#8221;torpf-header-background&#8221; css=&#8221;.vc_custom_1692890820958{background-image: url(https:\/\/torpfrys.fi\/wp-content\/uploads\/2015\/08\/framsidan-bg-1920.jpg?id=395) !important;background-position: center !important;background-repeat: no-repeat !important;background-size: cover !important;}&#8221;][vc_column][vc_column_text]<br \/>\n[\/vc_column_text][\/vc_column][\/vc_row][vc_row][vc_column]<div class=\"ult-spacer spacer-6a0956224feb8\" data-id=\"6a0956224feb8\" data-height=\"40\" data-height-mobile=\"25\" data-height-tab=\"25\" data-height-tab-portrait=\"25\" data-height-mobile-landscape=\"25\" style=\"clear:both;display:block;\"><\/div>[vc_row_inner equal_height=&#8221;yes&#8221; css=&#8221;.vc_custom_1507292995905{margin-top: 0px !important;margin-bottom: 0px !important;}&#8221;][vc_column_inner el_class=&#8221;tf-p-top-box -new&#8221; width=&#8221;1\/2&#8243; css=&#8221;.vc_custom_1732266493210{border-right-width: 2px !important;padding-bottom: 10px !important;border-right-color: #1c461f !important;border-right-style: solid !important;}&#8221;][vc_column_text]<\/p>\n<h3 style=\"text-align: center;\">Rehuanalyysit<\/h3>\n<p style=\"text-align: center; max-width: 342px; margin-left: auto; margin-right: auto; margin-bottom: 30px;\">Tutustu rehuanalyyseihimme saadaksesi ajankohtaista tietoa turkisel\u00e4inrehun ravintosis\u00e4ll\u00f6st\u00e4.<\/p>\n<p style=\"text-align: center; margin-top: auto;\"><strong><a style=\"text-decoration: underline;\" href=\"\/fi\/rehuanalyysit\/\">Rehuanalyysit &gt;<\/a><\/strong><\/p>\n<p>[\/vc_column_text][\/vc_column_inner][vc_column_inner el_class=&#8221;tf-p-top-box flex-hack&#8221; width=&#8221;1\/2&#8243; css=&#8221;.vc_custom_1507644002301{padding-bottom: 10px !important;}&#8221;][vc_column_text]<\/p>\n<h3 style=\"text-align: center;\">Yhteystiedot<\/h3>\n<p style=\"text-align: center;\"><strong>Vaihde: <a style=\"text-decoration: underline;\" href=\"tel:067818300\">06-781 8300<\/a><\/strong><br \/>\n<strong>S\u00e4hk\u00f6posti: <a style=\"text-decoration: underline;\" href=\"mailto:nina.thomen@torpfrys.fi\">nina.thomen@torpfrys.fi<\/a><\/strong><\/p>\n<p style=\"text-align: center; margin-bottom: 30px; margin-top: 15px;\">Torp Frys<br \/>\nTarhatie 2<br \/>\n68800 Kolppi<\/p>\n<p style=\"text-align: center; text-decoration: underline;\"><strong><a href=\"https:\/\/torpfrys.fi\/fi\/ota-yhteytta\/\">Muut yhteystiedot<\/a><\/strong><\/p>\n<p>[\/vc_column_text][\/vc_column_inner][\/vc_row_inner]<div class=\"ult-spacer spacer-6a0956224ff25\" data-id=\"6a0956224ff25\" data-height=\"40\" data-height-mobile=\"25\" data-height-tab=\"25\" data-height-tab-portrait=\"25\" data-height-mobile-landscape=\"25\" style=\"clear:both;display:block;\"><\/div>[\/vc_column][\/vc_row][vc_row type=&#8221;vc_default&#8221; full_width=&#8221;stretch_row&#8221; css=&#8221;.vc_custom_1507293027893{margin-top: 0px !important;margin-bottom: 0px !important;background-color: #ffe29a !important;}&#8221; el_class=&#8221;tf-p-welcome-row&#8221;][vc_column width=&#8221;1\/6&#8243;][\/vc_column][vc_column width=&#8221;2\/3&#8243;]<div class=\"ult-spacer spacer-6a0956224ff59\" data-id=\"6a0956224ff59\" data-height=\"40\" data-height-mobile=\"25\" data-height-tab=\"25\" data-height-tab-portrait=\"25\" data-height-mobile-landscape=\"25\" style=\"clear:both;display:block;\"><\/div>[vc_column_text]<\/p>\n<h1 style=\"text-align: center;\">Tervetuloa Torp Frysille!<\/h1>\n<p>[\/vc_column_text][vc_column_text css=&#8221;.vc_custom_1732286607507{margin-bottom: 20px !important;}&#8221; el_class=&#8221;tf-p-text-block&#8221;]<\/p>\n<p style=\"text-align: center;\">Torp Frys on johtava korkealaatuisen turkisel\u00e4inrehun valmistaja. Yritys on s\u00e4ilytt\u00e4nyt vahvan asemansa alalla yhdist\u00e4m\u00e4ll\u00e4 innovoinnin ja asiakkaiden tarpeisiin vastaamisen.<\/p>\n<p>[\/vc_column_text][vc_column_text css=&#8221;.vc_custom_1732286574762{margin-bottom: 20px !important;}&#8221; el_class=&#8221;tf-p-text-block&#8221;]<\/p>\n<p style=\"text-align: center;\">Torp Frysin juuret ovat syv\u00e4ll\u00e4 paikallisessa yhteisty\u00f6ss\u00e4, ja yritys edist\u00e4\u00e4 sek\u00e4 kest\u00e4vyytt\u00e4 ett\u00e4 liiketoiminnan kehitt\u00e4mist\u00e4 seudulla. Rehellisyys, yhteisty\u00f6 ja hyv\u00e4 liiketoimintaetiikka ovat yrityksen toiminnan kulmakivi\u00e4, ja ne ovat yrityksen vakauden ja menestyksen perusta.<\/p>\n<p>[\/vc_column_text][vc_column_text css=&#8221;&#8221; el_class=&#8221;tf-p-text-block&#8221;]<\/p>\n<p style=\"text-align: center;\">Joulukuusta 2024 alkaen Torp Frysi\u00e4 johtaa toimitusjohtaja Fredrik Snellman.<\/p>\n<p>[\/vc_column_text]<div class=\"ult-spacer spacer-6a0956224ff84\" data-id=\"6a0956224ff84\" data-height=\"40\" data-height-mobile=\"25\" data-height-tab=\"25\" data-height-tab-portrait=\"25\" data-height-mobile-landscape=\"25\" style=\"clear:both;display:block;\"><\/div>[\/vc_column][vc_column width=&#8221;1\/6&#8243;][\/vc_column][\/vc_row][vc_row type=&#8221;vc_default&#8221; full_width=&#8221;stretch_row_content_no_spaces&#8221; css=&#8221;.vc_custom_1507293046114{margin-top: 0px !important;margin-bottom: 0px !important;background-color: #fbf4df !important;}&#8221; el_class=&#8221;tf-p-news-row&#8221;][vc_column]<div class=\"ult-spacer spacer-6a0956224ffad\" data-id=\"6a0956224ffad\" data-height=\"40\" data-height-mobile=\"25\" data-height-tab=\"25\" data-height-tab-portrait=\"25\" data-height-mobile-landscape=\"25\" style=\"clear:both;display:block;\"><\/div>[vc_column_text css=&#8221;.vc_custom_1732286643045{margin-bottom: 20px !important;}&#8221;]<\/p>\n<h2 style=\"text-align: left; max-width: 1000px; width: 100%; margin-left: auto; margin-right: auto; padding: 0 40px;\">Uutiset<\/h2>\n<p>[\/vc_column_text][vc_column_text]<div id=\"wpv-view-layout-14966\" class=\"js-wpv-view-layout js-wpv-layout-responsive js-wpv-view-layout-14966\" data-viewnumber=\"14966\" data-pagination=\"{&quot;id&quot;:14966,&quot;query&quot;:&quot;normal&quot;,&quot;type&quot;:&quot;disabled&quot;,&quot;effect&quot;:&quot;fade&quot;,&quot;duration&quot;:500,&quot;speed&quot;:5,&quot;pause_on_hover&quot;:&quot;disabled&quot;,&quot;stop_rollover&quot;:&quot;false&quot;,&quot;cache_pages&quot;:&quot;enabled&quot;,&quot;preload_images&quot;:&quot;enabled&quot;,&quot;preload_pages&quot;:&quot;enabled&quot;,&quot;preload_reach&quot;:1,&quot;spinner&quot;:&quot;builtin&quot;,&quot;spinner_image&quot;:&quot;https:\/\/torpfrys.fi\/wp-content\/plugins\/wp-views\/embedded\/res\/img\/ajax-loader.gif&quot;,&quot;callback_next&quot;:&quot;&quot;,&quot;manage_history&quot;:&quot;enabled&quot;,&quot;has_controls_in_form&quot;:&quot;disabled&quot;,&quot;infinite_tolerance&quot;:&quot;0&quot;,&quot;max_pages&quot;:1,&quot;page&quot;:1,&quot;base_permalink&quot;:&quot;\/fi\/wp-json\/wp\/v2\/pages\/6712?wpv_view_count=14966&amp;wpv_paged=WPV_PAGE_NUM&quot;,&quot;loop&quot;:{&quot;type&quot;:&quot;&quot;,&quot;name&quot;:&quot;&quot;,&quot;data&quot;:[],&quot;id&quot;:0}}\" data-permalink=\"\/fi\/wp-json\/wp\/v2\/pages\/6712?wpv_view_count=14966\">\n\n\t\n\t\t<div class=\"tf-v-fp-news-container -new2024\">\n\t\t\t<div class=\"tf-v-fp-news-item\">\n                <div class=\"tf-v-fp-news-item__left\">\n                  <div class=\"tf-v-fp-news-img\">\n                     <a href=\"https:\/\/torpfrys.fi\/fi\/2024\/11\/26\/uusi-toimitusjohtaja-tarttuu-torp-frysin-ruoriin\/\"><img decoding=\"async\" src=\"https:\/\/torpfrys.fi\/wp-content\/uploads\/2024\/11\/ny-vd-torpfrys.jpg\" \/><\/a>\n                  <\/div>\n                <\/div>\n                <div class=\"tf-v-fp-news-item__right\">\n                  \t<span class=\"tf-v-fp-news-date\">26.11.2024<\/span>\n                \t<a class=\"tf-v-fp-news-title\" href=\"https:\/\/torpfrys.fi\/fi\/2024\/11\/26\/uusi-toimitusjohtaja-tarttuu-torp-frysin-ruoriin\/\">\n                  \t\t<span class=\"tf-v-fp-news-titlefield\">Uusi toimitusjohtaja tarttuu Torp Frysin ruoriin<\/span> \n                \t<\/a>\n                \t<div class=\"tf-v-fp-news-excerpt\">\n                  \t\t<p>Bjarne Snellman j\u00e4\u00e4 el\u00e4kkeelle 11 ansiokkaan vuoden j\u00e4lkeen 31. joulukuuta 2024. Fredrik Snellman aloittaa toimitusjohtajana 1. joulukuuta. Bjarne Snellman muistelee kiitollisena aikaansa toimitusjohtajana. H\u00e4n j\u00e4tt\u00e4\u00e4 j\u00e4lkeens\u00e4 vakaan ja kannattavan yrityksen, jolla on hyv\u00e4t tulevaisuudenn\u00e4kym\u00e4t.<\/p>\n\n                \t<\/div>\n                \t<div class=\"tf-v-fp-news-more\">\n                  \t\t<a href=\"https:\/\/torpfrys.fi\/fi\/2024\/11\/26\/uusi-toimitusjohtaja-tarttuu-torp-frysin-ruoriin\/\">Lue lis\u00e4\u00e4 ><\/a>\n                \t<\/div>\n                \t<p class=\"tf-v-fp-go-to-news\"><a href=\"https:\/\/torpfrys.fi\/fi\/uutiset\/\">Uutisarkistoon ><\/a><\/p>\n                <\/div>\n              <\/div>\n\t\t<\/div>\n\t\n\t\n<\/div>[\/vc_column_text]<div class=\"ult-spacer spacer-6a09562256263\" data-id=\"6a09562256263\" data-height=\"40\" data-height-mobile=\"25\" data-height-tab=\"25\" data-height-tab-portrait=\"25\" data-height-mobile-landscape=\"25\" style=\"clear:both;display:block;\"><\/div>[\/vc_column][\/vc_row][vc_row type=&#8221;vc_default&#8221; el_class=&#8221;tf-p-video-row&#8221; css=&#8221;.vc_custom_1507293067320{margin-top: 0px !important;margin-bottom: 0px !important;}&#8221;][vc_column]<div class=\"ult-spacer spacer-6a0956225629a\" data-id=\"6a0956225629a\" data-height=\"40\" data-height-mobile=\"25\" data-height-tab=\"25\" data-height-tab-portrait=\"25\" data-height-mobile-landscape=\"25\" style=\"clear:both;display:block;\"><\/div>[vc_column_text css=&#8221;.vc_custom_1507644049078{margin-top: 0px !important;margin-bottom: 30px !important;}&#8221;]<\/p>\n<h2 style=\"text-align: center;\">Torp Frys<\/h2>\n<p>[\/vc_column_text][vc_video link=&#8221;https:\/\/player.vimeo.com\/video\/247797354&#8243; css=&#8221;.vc_custom_1513604339226{padding-right: 25px !important;padding-left: 25px !important;}&#8221;][vc_column_text css=&#8221;.vc_custom_1507714546532{margin-top: -10px !important;margin-bottom: 70px !important;padding-right: 25px !important;padding-left: 25px !important;}&#8221;]<a class=\"tf-p-video-link\" href=\"https:\/\/torpfrys.fi\/fi\/filmit\/\">Klikkaa ja katso pidempi versio videosta.<\/a>[\/vc_column_text][vc_row_inner disable_element=&#8221;yes&#8221;][vc_column_inner][vc_raw_html]JTNDaWZyYW1lJTIwc3JjJTNEJTIyaHR0cHMlM0ElMkYlMkZwbGF5ZXIudmltZW8uY29tJTJGdmlkZW8lMkYxODQ5ODcxODMlMjIlMjB3aWR0aCUzRCUyMjY0MCUyMiUyMGhlaWdodCUzRCUyMjM2MCUyMiUyMGZyYW1lYm9yZGVyJTNEJTIyMCUyMiUyMHdlYmtpdGFsbG93ZnVsbHNjcmVlbiUyMG1vemFsbG93ZnVsbHNjcmVlbiUyMGFsbG93ZnVsbHNjcmVlbiUzRSUzQyUyRmlmcmFtZSUzRQ==[\/vc_raw_html][\/vc_column_inner][\/vc_row_inner]<div class=\"ult-spacer spacer-6a095622562c3\" data-id=\"6a095622562c3\" data-height=\"20\" data-height-mobile=\"15\" data-height-tab=\"15\" data-height-tab-portrait=\"15\" data-height-mobile-landscape=\"15\" style=\"clear:both;display:block;\"><\/div>[\/vc_column][\/vc_row][vc_row type=&#8221;vc_default&#8221; bg_type=&#8221;bg_color&#8221; bg_override=&#8221;full&#8221; bg_color_value=&#8221;#ebcb76&#8243; css=&#8221;.vc_custom_1475258897981{padding-right: 25px !important;padding-left: 25px !important;}&#8221;][vc_column width=&#8221;1\/3&#8243; css=&#8221;.vc_custom_1438701667529{margin-top: 10px !important;margin-bottom: 30px !important;}&#8221;][vc_single_image image=&#8221;383&#8243; img_size=&#8221;300&#215;200&#8243; alignment=&#8221;center&#8221; image_hovers=&#8221;false&#8221;][vc_column_text]<\/p>\n<h2><a href=\"http:\/\/torpfrys.fi\/historik\/\">Tietoa Torp Frys Ab:st\u00e4<\/a><\/h2>\n<p>Kiinnit\u00e4mme toiminnassamme erityist\u00e4 huomiota ymp\u00e4r\u00f6iv\u00e4\u00e4n luontoon sek\u00e4 el\u00e4imist\u00f6\u00f6n ja tuotamme rehua niit\u00e4 kunnioittaen. Meille on t\u00e4rke\u00e4\u00e4, ett\u00e4 asiakkaitamme, yhteisty\u00f6kumppaneitamme sek\u00e4 l\u00e4himpi\u00e4mme kohdellaan kunnioittavasti ja asiakkaamme ovat toimintamme kulmakivi.<\/p>\n<p><a href=\"http:\/\/torpfrys.fi\/historik\/\">Lue lis\u00e4\u00e4 &gt;<\/a>[\/vc_column_text][\/vc_column][vc_column width=&#8221;1\/3&#8243; css=&#8221;.vc_custom_1438701659338{margin-top: 10px !important;margin-bottom: 30px !important;}&#8221;][vc_single_image image=&#8221;382&#8243; img_size=&#8221;medium&#8221; alignment=&#8221;center&#8221; image_hovers=&#8221;false&#8221;][vc_column_text]<\/p>\n<h2><a href=\"http:\/\/torpfrys.fi\/farmen\/\">Torp Frys turkisel\u00e4intarha<\/a><\/h2>\n<p>Turkisel\u00e4intarhallamme el\u00e4inten hyvinvointi on meille erityisen t\u00e4rke\u00e4\u00e4. Tarhaamme kehitet\u00e4\u00e4n koko ajan ja jaamme osaamistamme sek\u00e4 oppimaamme my\u00f6s asiakkaillemme. Toimintaamme kuuluu my\u00f6s siitosel\u00e4inten myynti.<\/p>\n<p><a href=\"http:\/\/torpfrys.fi\/farmen\/\">Lue lis\u00e4\u00e4 &gt;<\/a>[\/vc_column_text][\/vc_column][vc_column width=&#8221;1\/3&#8243; css=&#8221;.vc_custom_1438701625708{margin-top: 10px !important;margin-bottom: 30px !important;}&#8221;][vc_single_image image=&#8221;4101&#8243; img_size=&#8221;300&#215;200&#8243; alignment=&#8221;center&#8221; image_hovers=&#8221;false&#8221;][vc_column_text]<\/p>\n<h2><a href=\"http:\/\/www.torptomat.fi\" target=\"_blank\" rel=\"noopener noreferrer\">Torp Handelstr\u00e4dg\u00e5rd<\/a><\/h2>\n<p>Torp Handelstr\u00e4dg\u00e5rd Ab on erikoistunut terttutomaattien viljelemiseen. Toimittamamme tomaatit ovat hyv\u00e4n makuisia ja kauniin punaisia, sill\u00e4 niiden annetaan kypsy\u00e4 rauhassa ennen poimintaa. Kyps\u00e4t tomaatit pakataan tuoreina ja toimitetaan asiakkaillemme.<\/p>\n<p><a href=\"http:\/\/www.torptomat.fi\" target=\"_blank\" rel=\"noopener noreferrer\">Lue lis\u00e4\u00e4 &gt;<\/a>[\/vc_column_text][\/vc_column][\/vc_row][vc_row margin_top=&#8221;20px&#8221;][vc_column][vc_single_image image=&#8221;387&#8243; img_size=&#8221;full&#8221; alignment=&#8221;center&#8221; image_hovers=&#8221;false&#8221;][\/vc_column][\/vc_row]<\/p>\n<\/div>","protected":false},"excerpt":{"rendered":"<p>[vc_row margin_top=&#8221;-20px&#8221; el_class=&#8221;torpf-frontpage-menu&#8221;][vc_column][vc_widget_sidebar show_bg=&#8221;false&#8221; sidebar_id=&#8221;sidebar_7&#8243;][\/vc_column][\/vc_row][vc_row type=&#8221;vc_default&#8221; full_width=&#8221;stretch_row_content_no_spaces&#8221; min_height=&#8221;50%&#8221; el_class=&#8221;torpf-header-background&#8221; css=&#8221;.vc_custom_1692890820958{background-image: url(https:\/\/torpfrys.fi\/wp-content\/uploads\/2015\/08\/framsidan-bg-1920.jpg?id=395) !important;background-position: center !important;background-repeat: no-repeat !important;background-size: cover !important;}&#8221;][vc_column][vc_column_text] [\/vc_column_text][\/vc_column][\/vc_row][vc_row][vc_column][vc_row_inner equal_height=&#8221;yes&#8221; css=&#8221;.vc_custom_1507292995905{margin-top: 0px !important;margin-bottom: 0px !important;}&#8221;][vc_column_inner el_class=&#8221;tf-p-top-box -new&#8221; width=&#8221;1\/2&#8243; css=&#8221;.vc_custom_1732266493210{border-right-width: 2px !important;padding-bottom: 10px !important;border-right-color: #1c461f !important;border-right-style: solid !important;}&#8221;][vc_column_text] Rehuanalyysit Tutustu rehuanalyyseihimme saadaksesi ajankohtaista tietoa turkisel\u00e4inrehun ravintosis\u00e4ll\u00f6st\u00e4. Rehuanalyysit &gt; [\/vc_column_text][\/vc_column_inner][vc_column_inner el_class=&#8221;tf-p-top-box flex-hack&#8221; width=&#8221;1\/2&#8243; css=&#8221;.vc_custom_1507644002301{padding-bottom: 10px !important;}&#8221;][vc_column_text] Yhteystiedot&hellip;<\/p>\n","protected":false},"author":8,"featured_media":0,"parent":0,"menu_order":0,"comment_status":"closed","ping_status":"closed","template":"","meta":{"footnotes":""},"class_list":["post-6712","page","type-page","status-publish","hentry","description-off"],"yoast_head":"<!-- This site is optimized with the Yoast SEO plugin v24.9 - https:\/\/yoast.com\/wordpress\/plugins\/seo\/ -->\n<title>Torp Frys | Ketunrehu, minkinrehu, turkisel\u00e4inrehu<\/title>\n<meta name=\"description\" content=\"Tervetuloa Torp Frysille! Torp Frys on johtava korkealaatuisen turkisel\u00e4inrehun valmistaja. Yritys on s\u00e4ilytt\u00e4nyt vahvan asemansa alalla yhdist\u00e4m\u00e4ll\u00e4 innovoinnin ja asiakkaiden tarpeisiin vastaamisen.\" \/>\n<meta name=\"robots\" content=\"index, follow, max-snippet:-1, max-image-preview:large, max-video-preview:-1\" \/>\n<link rel=\"canonical\" href=\"https:\/\/torpfrys.fi\/fi\/\" \/>\n<meta property=\"og:locale\" content=\"fi_FI\" \/>\n<meta property=\"og:type\" content=\"article\" \/>\n<meta property=\"og:title\" content=\"Torp Frys | Ketunrehu, minkinrehu, turkisel\u00e4inrehu\" \/>\n<meta property=\"og:description\" content=\"Tervetuloa Torp Frysille! Torp Frys on johtava korkealaatuisen turkisel\u00e4inrehun valmistaja. Yritys on s\u00e4ilytt\u00e4nyt vahvan asemansa alalla yhdist\u00e4m\u00e4ll\u00e4 innovoinnin ja asiakkaiden tarpeisiin vastaamisen.\" \/>\n<meta property=\"og:url\" content=\"https:\/\/torpfrys.fi\/fi\/\" \/>\n<meta property=\"og:site_name\" content=\"Torp Frys\" \/>\n<meta property=\"article:modified_time\" content=\"2024-11-26T09:36:50+00:00\" \/>\n<meta name=\"twitter:card\" content=\"summary_large_image\" \/>\n<meta name=\"twitter:label1\" content=\"Arvioitu lukuaika\" \/>\n\t<meta name=\"twitter:data1\" content=\"3 minuuttia\" \/>\n<script type=\"application\/ld+json\" class=\"yoast-schema-graph\">{\"@context\":\"https:\/\/schema.org\",\"@graph\":[{\"@type\":\"WebPage\",\"@id\":\"https:\/\/torpfrys.fi\/fi\/\",\"url\":\"https:\/\/torpfrys.fi\/fi\/\",\"name\":\"Torp Frys | Ketunrehu, minkinrehu, turkisel\u00e4inrehu\",\"isPartOf\":{\"@id\":\"https:\/\/torpfrys.fi\/fi\/#website\"},\"datePublished\":\"2017-10-04T11:18:41+00:00\",\"dateModified\":\"2024-11-26T09:36:50+00:00\",\"description\":\"Tervetuloa Torp Frysille! Torp Frys on johtava korkealaatuisen turkisel\u00e4inrehun valmistaja. Yritys on s\u00e4ilytt\u00e4nyt vahvan asemansa alalla yhdist\u00e4m\u00e4ll\u00e4 innovoinnin ja asiakkaiden tarpeisiin vastaamisen.\",\"breadcrumb\":{\"@id\":\"https:\/\/torpfrys.fi\/fi\/#breadcrumb\"},\"inLanguage\":\"fi\",\"potentialAction\":[{\"@type\":\"ReadAction\",\"target\":[\"https:\/\/torpfrys.fi\/fi\/\"]}]},{\"@type\":\"BreadcrumbList\",\"@id\":\"https:\/\/torpfrys.fi\/fi\/#breadcrumb\",\"itemListElement\":[{\"@type\":\"ListItem\",\"position\":1,\"name\":\"Hem\",\"item\":\"https:\/\/torpfrys.fi\/fi\/\"},{\"@type\":\"ListItem\",\"position\":2,\"name\":\"Aloitussivu\"}]},{\"@type\":\"WebSite\",\"@id\":\"https:\/\/torpfrys.fi\/fi\/#website\",\"url\":\"https:\/\/torpfrys.fi\/fi\/\",\"name\":\"Torp Frys\",\"description\":\"\",\"potentialAction\":[{\"@type\":\"SearchAction\",\"target\":{\"@type\":\"EntryPoint\",\"urlTemplate\":\"https:\/\/torpfrys.fi\/fi\/?s={search_term_string}\"},\"query-input\":{\"@type\":\"PropertyValueSpecification\",\"valueRequired\":true,\"valueName\":\"search_term_string\"}}],\"inLanguage\":\"fi\"}]}<\/script>\n<!-- \/ Yoast SEO plugin. -->","yoast_head_json":{"title":"Torp Frys | Ketunrehu, minkinrehu, turkisel\u00e4inrehu","description":"Tervetuloa Torp Frysille! Torp Frys on johtava korkealaatuisen turkisel\u00e4inrehun valmistaja. Yritys on s\u00e4ilytt\u00e4nyt vahvan asemansa alalla yhdist\u00e4m\u00e4ll\u00e4 innovoinnin ja asiakkaiden tarpeisiin vastaamisen.","robots":{"index":"index","follow":"follow","max-snippet":"max-snippet:-1","max-image-preview":"max-image-preview:large","max-video-preview":"max-video-preview:-1"},"canonical":"https:\/\/torpfrys.fi\/fi\/","og_locale":"fi_FI","og_type":"article","og_title":"Torp Frys | Ketunrehu, minkinrehu, turkisel\u00e4inrehu","og_description":"Tervetuloa Torp Frysille! Torp Frys on johtava korkealaatuisen turkisel\u00e4inrehun valmistaja. Yritys on s\u00e4ilytt\u00e4nyt vahvan asemansa alalla yhdist\u00e4m\u00e4ll\u00e4 innovoinnin ja asiakkaiden tarpeisiin vastaamisen.","og_url":"https:\/\/torpfrys.fi\/fi\/","og_site_name":"Torp Frys","article_modified_time":"2024-11-26T09:36:50+00:00","twitter_card":"summary_large_image","twitter_misc":{"Arvioitu lukuaika":"3 minuuttia"},"schema":{"@context":"https:\/\/schema.org","@graph":[{"@type":"WebPage","@id":"https:\/\/torpfrys.fi\/fi\/","url":"https:\/\/torpfrys.fi\/fi\/","name":"Torp Frys | Ketunrehu, minkinrehu, turkisel\u00e4inrehu","isPartOf":{"@id":"https:\/\/torpfrys.fi\/fi\/#website"},"datePublished":"2017-10-04T11:18:41+00:00","dateModified":"2024-11-26T09:36:50+00:00","description":"Tervetuloa Torp Frysille! Torp Frys on johtava korkealaatuisen turkisel\u00e4inrehun valmistaja. Yritys on s\u00e4ilytt\u00e4nyt vahvan asemansa alalla yhdist\u00e4m\u00e4ll\u00e4 innovoinnin ja asiakkaiden tarpeisiin vastaamisen.","breadcrumb":{"@id":"https:\/\/torpfrys.fi\/fi\/#breadcrumb"},"inLanguage":"fi","potentialAction":[{"@type":"ReadAction","target":["https:\/\/torpfrys.fi\/fi\/"]}]},{"@type":"BreadcrumbList","@id":"https:\/\/torpfrys.fi\/fi\/#breadcrumb","itemListElement":[{"@type":"ListItem","position":1,"name":"Hem","item":"https:\/\/torpfrys.fi\/fi\/"},{"@type":"ListItem","position":2,"name":"Aloitussivu"}]},{"@type":"WebSite","@id":"https:\/\/torpfrys.fi\/fi\/#website","url":"https:\/\/torpfrys.fi\/fi\/","name":"Torp Frys","description":"","potentialAction":[{"@type":"SearchAction","target":{"@type":"EntryPoint","urlTemplate":"https:\/\/torpfrys.fi\/fi\/?s={search_term_string}"},"query-input":{"@type":"PropertyValueSpecification","valueRequired":true,"valueName":"search_term_string"}}],"inLanguage":"fi"}]}},"_links":{"self":[{"href":"https:\/\/torpfrys.fi\/fi\/wp-json\/wp\/v2\/pages\/6712","targetHints":{"allow":["GET"]}}],"collection":[{"href":"https:\/\/torpfrys.fi\/fi\/wp-json\/wp\/v2\/pages"}],"about":[{"href":"https:\/\/torpfrys.fi\/fi\/wp-json\/wp\/v2\/types\/page"}],"author":[{"embeddable":true,"href":"https:\/\/torpfrys.fi\/fi\/wp-json\/wp\/v2\/users\/8"}],"replies":[{"embeddable":true,"href":"https:\/\/torpfrys.fi\/fi\/wp-json\/wp\/v2\/comments?post=6712"}],"version-history":[{"count":16,"href":"https:\/\/torpfrys.fi\/fi\/wp-json\/wp\/v2\/pages\/6712\/revisions"}],"predecessor-version":[{"id":6713,"href":"https:\/\/torpfrys.fi\/fi\/wp-json\/wp\/v2\/pages\/6712\/revisions\/6713"}],"wp:attachment":[{"href":"https:\/\/torpfrys.fi\/fi\/wp-json\/wp\/v2\/media?parent=6712"}],"curies":[{"name":"wp","href":"https:\/\/api.w.org\/{rel}","templated":true}]}}