
{"id":531,"date":"2015-09-29T09:30:16","date_gmt":"2015-09-29T07:30:16","guid":{"rendered":"http:\/\/testsajten.fi\/torpfrys\/fi\/filmer\/"},"modified":"2016-10-03T11:27:07","modified_gmt":"2016-10-03T08:27:07","slug":"filmit","status":"publish","type":"page","link":"https:\/\/torpfrys.fi\/fi\/filmit\/","title":{"rendered":"Filmit"},"content":{"rendered":"<div class=\"wpb-content-wrapper\"><p>[vc_row full_width=&#8221;true&#8221; bg_type=&#8221;image&#8221; parallax_style=&#8221;vcpb-default&#8221; bg_image_new=&#8221;208|http:\/\/torpfrys.fi\/wp-content\/uploads\/2015\/08\/oldfoder_new.jpg&#8221; bg_image_repeat=&#8221;no-repeat&#8221; bg_image_posiiton=&#8221;center&#8221; min_height=&#8221;50%&#8221; el_class=&#8221;torpf-header-background&#8221;][vc_column][vc_column_text]<br \/>\n[\/vc_column_text][\/vc_column][\/vc_row][vc_row][vc_column width=&#8221;2\/3&#8243;][vc_row_inner css=&#8221;.vc_custom_1438777553024{margin-top: 20px !important;}&#8221;][vc_column_inner css=&#8221;.vc_custom_1438583246401{padding-bottom: 20px !important;}&#8221;][vc_column_text]<\/p>\n<h1>Filmit<\/h1>\n<p>[\/vc_column_text][\/vc_column_inner][\/vc_row_inner][vc_row_inner css=&#8221;.vc_custom_1439287814654{margin-bottom: 50px !important;}&#8221;][vc_column_inner][vc_video link=&#8221;https:\/\/vimeo.com\/185021936\/45442a650c&#8221; css=&#8221;.vc_custom_1475483224677{margin-bottom: 40px !important;}&#8221;][vc_video link=&#8221;https:\/\/vimeo.com\/48192725&#8243; css=&#8221;.vc_custom_1443512169386{margin-bottom: 40px !important;}&#8221;][vc_video link=&#8221;https:\/\/vimeo.com\/51230671&#8243;][vc_column_text]<\/p>\n<p>T\u00e4ss\u00e4 filmiss\u00e4 esitet\u00e4\u00e4n kuinka rehua valmistettiin ennen. Filmi nauhoitettiin Torp Frysin uuden pakkasvaraston vihkimisen yhteydess\u00e4 syyskuussa 2012.<\/p>\n<p>[\/vc_column_text][\/vc_column_inner][\/vc_row_inner][\/vc_column][vc_column width=&#8221;1\/3&#8243; el_class=&#8221;torpf-yellow-sidebar&#8221;][vc_widget_sidebar show_bg=&#8221;false&#8221; sidebar_id=&#8221;sidebar_6&#8243;][\/vc_column][\/vc_row][vc_row margin_top=&#8221;20px&#8221;][vc_column][vc_single_image image=&#8221;62&#8243; img_size=&#8221;full&#8221; alignment=&#8221;center&#8221; image_hovers=&#8221;false&#8221;][\/vc_column][\/vc_row]<\/p>\n<\/div>","protected":false},"excerpt":{"rendered":"<p>[vc_row full_width=&#8221;true&#8221; bg_type=&#8221;image&#8221; parallax_style=&#8221;vcpb-default&#8221; bg_image_new=&#8221;208|http:\/\/torpfrys.fi\/wp-content\/uploads\/2015\/08\/oldfoder_new.jpg&#8221; bg_image_repeat=&#8221;no-repeat&#8221; bg_image_posiiton=&#8221;center&#8221; min_height=&#8221;50%&#8221; el_class=&#8221;torpf-header-background&#8221;][vc_column][vc_column_text] [\/vc_column_text][\/vc_column][\/vc_row][vc_row][vc_column width=&#8221;2\/3&#8243;][vc_row_inner css=&#8221;.vc_custom_1438777553024{margin-top: 20px !important;}&#8221;][vc_column_inner css=&#8221;.vc_custom_1438583246401{padding-bottom: 20px !important;}&#8221;][vc_column_text] Filmit [\/vc_column_text][\/vc_column_inner][\/vc_row_inner][vc_row_inner css=&#8221;.vc_custom_1439287814654{margin-bottom: 50px !important;}&#8221;][vc_column_inner][vc_video link=&#8221;https:\/\/vimeo.com\/185021936\/45442a650c&#8221; css=&#8221;.vc_custom_1475483224677{margin-bottom: 40px !important;}&#8221;][vc_video link=&#8221;https:\/\/vimeo.com\/48192725&#8243; css=&#8221;.vc_custom_1443512169386{margin-bottom: 40px !important;}&#8221;][vc_video link=&#8221;https:\/\/vimeo.com\/51230671&#8243;][vc_column_text] T\u00e4ss\u00e4 filmiss\u00e4 esitet\u00e4\u00e4n kuinka rehua valmistettiin ennen. Filmi nauhoitettiin Torp Frysin uuden pakkasvaraston vihkimisen yhteydess\u00e4 syyskuussa 2012. [\/vc_column_text][\/vc_column_inner][\/vc_row_inner][\/vc_column][vc_column width=&#8221;1\/3&#8243; el_class=&#8221;torpf-yellow-sidebar&#8221;][vc_widget_sidebar show_bg=&#8221;false&#8221; sidebar_id=&#8221;sidebar_6&#8243;][\/vc_column][\/vc_row][vc_row margin_top=&#8221;20px&#8221;][vc_column][vc_single_image image=&#8221;62&#8243;&hellip;<\/p>\n","protected":false},"author":8,"featured_media":0,"parent":0,"menu_order":0,"comment_status":"closed","ping_status":"closed","template":"","meta":{"footnotes":""},"class_list":["post-531","page","type-page","status-publish","hentry","description-off"],"yoast_head":"<!-- This site is optimized with the Yoast SEO plugin v24.9 - https:\/\/yoast.com\/wordpress\/plugins\/seo\/ -->\n<title>Torp Frys | Filmit<\/title>\n<meta name=\"description\" content=\"Torp Frysin filmit.\" \/>\n<meta name=\"robots\" content=\"index, follow, max-snippet:-1, max-image-preview:large, max-video-preview:-1\" \/>\n<link rel=\"canonical\" href=\"https:\/\/torpfrys.fi\/fi\/filmit\/\" \/>\n<meta property=\"og:locale\" content=\"fi_FI\" \/>\n<meta property=\"og:type\" content=\"article\" \/>\n<meta property=\"og:title\" content=\"Torp Frys | Filmit\" \/>\n<meta property=\"og:description\" content=\"Torp Frysin filmit.\" \/>\n<meta property=\"og:url\" content=\"https:\/\/torpfrys.fi\/fi\/filmit\/\" \/>\n<meta property=\"og:site_name\" content=\"Torp Frys\" \/>\n<meta property=\"article:modified_time\" content=\"2016-10-03T08:27:07+00:00\" \/>\n<meta name=\"twitter:card\" content=\"summary_large_image\" \/>\n<meta name=\"twitter:label1\" content=\"Arvioitu lukuaika\" \/>\n\t<meta name=\"twitter:data1\" content=\"1 minuutti\" \/>\n<script type=\"application\/ld+json\" class=\"yoast-schema-graph\">{\"@context\":\"https:\/\/schema.org\",\"@graph\":[{\"@type\":\"WebPage\",\"@id\":\"https:\/\/torpfrys.fi\/fi\/filmit\/\",\"url\":\"https:\/\/torpfrys.fi\/fi\/filmit\/\",\"name\":\"Torp Frys | Filmit\",\"isPartOf\":{\"@id\":\"https:\/\/torpfrys.fi\/fi\/#website\"},\"datePublished\":\"2015-09-29T07:30:16+00:00\",\"dateModified\":\"2016-10-03T08:27:07+00:00\",\"description\":\"Torp Frysin filmit.\",\"breadcrumb\":{\"@id\":\"https:\/\/torpfrys.fi\/fi\/filmit\/#breadcrumb\"},\"inLanguage\":\"fi\",\"potentialAction\":[{\"@type\":\"ReadAction\",\"target\":[\"https:\/\/torpfrys.fi\/fi\/filmit\/\"]}]},{\"@type\":\"BreadcrumbList\",\"@id\":\"https:\/\/torpfrys.fi\/fi\/filmit\/#breadcrumb\",\"itemListElement\":[{\"@type\":\"ListItem\",\"position\":1,\"name\":\"Hem\",\"item\":\"https:\/\/torpfrys.fi\/fi\/\"},{\"@type\":\"ListItem\",\"position\":2,\"name\":\"Filmit\"}]},{\"@type\":\"WebSite\",\"@id\":\"https:\/\/torpfrys.fi\/fi\/#website\",\"url\":\"https:\/\/torpfrys.fi\/fi\/\",\"name\":\"Torp Frys\",\"description\":\"\",\"potentialAction\":[{\"@type\":\"SearchAction\",\"target\":{\"@type\":\"EntryPoint\",\"urlTemplate\":\"https:\/\/torpfrys.fi\/fi\/?s={search_term_string}\"},\"query-input\":{\"@type\":\"PropertyValueSpecification\",\"valueRequired\":true,\"valueName\":\"search_term_string\"}}],\"inLanguage\":\"fi\"}]}<\/script>\n<!-- \/ Yoast SEO plugin. -->","yoast_head_json":{"title":"Torp Frys | Filmit","description":"Torp Frysin filmit.","robots":{"index":"index","follow":"follow","max-snippet":"max-snippet:-1","max-image-preview":"max-image-preview:large","max-video-preview":"max-video-preview:-1"},"canonical":"https:\/\/torpfrys.fi\/fi\/filmit\/","og_locale":"fi_FI","og_type":"article","og_title":"Torp Frys | Filmit","og_description":"Torp Frysin filmit.","og_url":"https:\/\/torpfrys.fi\/fi\/filmit\/","og_site_name":"Torp Frys","article_modified_time":"2016-10-03T08:27:07+00:00","twitter_card":"summary_large_image","twitter_misc":{"Arvioitu lukuaika":"1 minuutti"},"schema":{"@context":"https:\/\/schema.org","@graph":[{"@type":"WebPage","@id":"https:\/\/torpfrys.fi\/fi\/filmit\/","url":"https:\/\/torpfrys.fi\/fi\/filmit\/","name":"Torp Frys | Filmit","isPartOf":{"@id":"https:\/\/torpfrys.fi\/fi\/#website"},"datePublished":"2015-09-29T07:30:16+00:00","dateModified":"2016-10-03T08:27:07+00:00","description":"Torp Frysin filmit.","breadcrumb":{"@id":"https:\/\/torpfrys.fi\/fi\/filmit\/#breadcrumb"},"inLanguage":"fi","potentialAction":[{"@type":"ReadAction","target":["https:\/\/torpfrys.fi\/fi\/filmit\/"]}]},{"@type":"BreadcrumbList","@id":"https:\/\/torpfrys.fi\/fi\/filmit\/#breadcrumb","itemListElement":[{"@type":"ListItem","position":1,"name":"Hem","item":"https:\/\/torpfrys.fi\/fi\/"},{"@type":"ListItem","position":2,"name":"Filmit"}]},{"@type":"WebSite","@id":"https:\/\/torpfrys.fi\/fi\/#website","url":"https:\/\/torpfrys.fi\/fi\/","name":"Torp Frys","description":"","potentialAction":[{"@type":"SearchAction","target":{"@type":"EntryPoint","urlTemplate":"https:\/\/torpfrys.fi\/fi\/?s={search_term_string}"},"query-input":{"@type":"PropertyValueSpecification","valueRequired":true,"valueName":"search_term_string"}}],"inLanguage":"fi"}]}},"_links":{"self":[{"href":"https:\/\/torpfrys.fi\/fi\/wp-json\/wp\/v2\/pages\/531","targetHints":{"allow":["GET"]}}],"collection":[{"href":"https:\/\/torpfrys.fi\/fi\/wp-json\/wp\/v2\/pages"}],"about":[{"href":"https:\/\/torpfrys.fi\/fi\/wp-json\/wp\/v2\/types\/page"}],"author":[{"embeddable":true,"href":"https:\/\/torpfrys.fi\/fi\/wp-json\/wp\/v2\/users\/8"}],"replies":[{"embeddable":true,"href":"https:\/\/torpfrys.fi\/fi\/wp-json\/wp\/v2\/comments?post=531"}],"version-history":[{"count":4,"href":"https:\/\/torpfrys.fi\/fi\/wp-json\/wp\/v2\/pages\/531\/revisions"}],"predecessor-version":[{"id":5388,"href":"https:\/\/torpfrys.fi\/fi\/wp-json\/wp\/v2\/pages\/531\/revisions\/5388"}],"wp:attachment":[{"href":"https:\/\/torpfrys.fi\/fi\/wp-json\/wp\/v2\/media?parent=531"}],"curies":[{"name":"wp","href":"https:\/\/api.w.org\/{rel}","templated":true}]}}