
{"id":288,"date":"2015-08-11T13:49:56","date_gmt":"2015-08-11T11:49:56","guid":{"rendered":"http:\/\/testsajten.fi\/torpfrys\/fi\/torp-frys-miljopolicy\/"},"modified":"2016-04-25T11:43:38","modified_gmt":"2016-04-25T09:43:38","slug":"torp-frysin-ymparistopolitiikka","status":"publish","type":"page","link":"https:\/\/torpfrys.fi\/fi\/torp-frysin-ymparistopolitiikka\/","title":{"rendered":"Torp Frysin ymp\u00e4rist\u00f6politiikka"},"content":{"rendered":"<div class=\"wpb-content-wrapper\"><p>[vc_row type=&#8221;vc_default&#8221; full_width=&#8221;stretch_row_content_no_spaces&#8221; bg_type=&#8221;image&#8221; parallax_style=&#8221;vcpb-default&#8221; bg_image_new=&#8221;id^4008|url^https:\/\/torpfrys.fi\/wp-content\/uploads\/2015\/08\/produktion-bg-1920-2.jpg|caption^null|alt^null|title^produktion-bg-1920-2|description^null&#8221; bg_image_repeat=&#8221;no-repeat&#8221; bg_image_posiiton=&#8221;center&#8221; min_height=&#8221;50%&#8221; el_class=&#8221;torpf-header-background&#8221;][vc_column][vc_column_text]<br \/>\n[\/vc_column_text][\/vc_column][\/vc_row][vc_row][vc_column width=&#8221;2\/3&#8243;][vc_row_inner css=&#8221;.vc_custom_1438770196267{margin-top: 20px !important;}&#8221;][vc_column_inner css=&#8221;.vc_custom_1438583246401{padding-bottom: 20px !important;}&#8221;][vc_column_text]<\/p>\n<h1>Torp Frysin ymp\u00e4rist\u00f6politiikka<\/h1>\n<p>[\/vc_column_text][\/vc_column_inner][\/vc_row_inner][vc_row_inner css=&#8221;.vc_custom_1438700656135{margin-bottom: 50px !important;}&#8221;][vc_column_inner][vc_column_text]Torp Frysin rehukeitti\u00f6 kehitt\u00e4\u00e4, tuottaa ja markkinoi turkisel\u00e4inten rehua. Ty\u00f6ss\u00e4mme yhdistyy kaupallisen toiminnan ja luonnon kunnioituksen lis\u00e4ksi raaka-aineen ja valmiin rehun laatutietoisuus. Tavoitteenamme on alinomaa parantaa ymp\u00e4rist\u00f6n suojelun tasoa ja toimia kest\u00e4v\u00e4n kehityksen tavoitteiden mukaisesti. T\u00e4m\u00e4n johdosta, est\u00e4mme ymp\u00e4rist\u00f6n saastumista sek\u00e4 parannamme laatua, kontrolloimalla s\u00e4\u00e4nn\u00f6llisesti vaatimustemme toteutumista sis\u00e4isten tarkastusten avulla.<\/p>\n<p>Pyrimme minimoimaan tuotantomme aiheuttamia ymp\u00e4rist\u00f6haittoja kiinnitt\u00e4m\u00e4ll\u00e4 erityist\u00e4 huomiota veden ja energian kulutukseen sek\u00e4 p\u00e4\u00e4st\u00f6jen ja j\u00e4tteiden kierr\u00e4tykseen. Lis\u00e4ksi seuraamme tuotteillemme asettamiamme laatuvaatimuksia.<\/p>\n<p>Kehit\u00e4mme ja vahvistamme ymp\u00e4rist\u00f6 \u2013 ja laatutietoisuuttamme k\u00e4ytt\u00e4m\u00e4ll\u00e4 tuotannossamme nykyaikaista ja korkealuokkaista prosessitekniikkaa.<\/p>\n<p>Kaikki yrityksemme ty\u00f6ntekij\u00e4t ovat ty\u00f6ss\u00e4\u00e4n henkil\u00f6kohtaisesti vastuussa ymp\u00e4rist\u00f6st\u00e4 ja laadusta.[\/vc_column_text][\/vc_column_inner][\/vc_row_inner][\/vc_column][vc_column width=&#8221;1\/3&#8243; el_class=&#8221;torpf-yellow-sidebar&#8221;][vc_widget_sidebar show_bg=&#8221;false&#8221; sidebar_id=&#8221;sidebar_5&#8243;][\/vc_column][\/vc_row][vc_row margin_top=&#8221;20px&#8221;][vc_column][vc_single_image image=&#8221;62&#8243; img_size=&#8221;full&#8221; alignment=&#8221;center&#8221; image_hovers=&#8221;false&#8221;][\/vc_column][\/vc_row]<\/p>\n<\/div>","protected":false},"excerpt":{"rendered":"<p>[vc_row type=&#8221;vc_default&#8221; full_width=&#8221;stretch_row_content_no_spaces&#8221; bg_type=&#8221;image&#8221; parallax_style=&#8221;vcpb-default&#8221; bg_image_new=&#8221;id^4008|url^https:\/\/torpfrys.fi\/wp-content\/uploads\/2015\/08\/produktion-bg-1920-2.jpg|caption^null|alt^null|title^produktion-bg-1920-2|description^null&#8221; bg_image_repeat=&#8221;no-repeat&#8221; bg_image_posiiton=&#8221;center&#8221; min_height=&#8221;50%&#8221; el_class=&#8221;torpf-header-background&#8221;][vc_column][vc_column_text] [\/vc_column_text][\/vc_column][\/vc_row][vc_row][vc_column width=&#8221;2\/3&#8243;][vc_row_inner css=&#8221;.vc_custom_1438770196267{margin-top: 20px !important;}&#8221;][vc_column_inner css=&#8221;.vc_custom_1438583246401{padding-bottom: 20px !important;}&#8221;][vc_column_text] Torp Frysin ymp\u00e4rist\u00f6politiikka [\/vc_column_text][\/vc_column_inner][\/vc_row_inner][vc_row_inner css=&#8221;.vc_custom_1438700656135{margin-bottom: 50px !important;}&#8221;][vc_column_inner][vc_column_text]Torp Frysin rehukeitti\u00f6 kehitt\u00e4\u00e4, tuottaa ja markkinoi turkisel\u00e4inten rehua. Ty\u00f6ss\u00e4mme yhdistyy kaupallisen toiminnan ja luonnon kunnioituksen lis\u00e4ksi raaka-aineen ja valmiin rehun laatutietoisuus. Tavoitteenamme on alinomaa parantaa ymp\u00e4rist\u00f6n suojelun tasoa ja toimia&hellip;<\/p>\n","protected":false},"author":8,"featured_media":0,"parent":0,"menu_order":0,"comment_status":"closed","ping_status":"closed","template":"","meta":{"footnotes":""},"class_list":["post-288","page","type-page","status-publish","hentry","description-off"],"yoast_head":"<!-- This site is optimized with the Yoast SEO plugin v24.9 - https:\/\/yoast.com\/wordpress\/plugins\/seo\/ -->\n<title>Torp Frys | Ymp\u00e4rist\u00f6politiikka<\/title>\n<meta name=\"description\" content=\"Torp Frysin rehukeitti\u00f6 kehitt\u00e4\u00e4, tuottaa ja markkinoi turkisel\u00e4inten rehua. Ty\u00f6ss\u00e4mme yhdistyy kaupallisen toiminnan ja luonnon kunnioituksen lis\u00e4ksi raaka-aineen ja valmiin rehun laatutietoisuus.\" \/>\n<meta name=\"robots\" content=\"index, follow, max-snippet:-1, max-image-preview:large, max-video-preview:-1\" \/>\n<link rel=\"canonical\" href=\"https:\/\/torpfrys.fi\/fi\/torp-frysin-ymparistopolitiikka\/\" \/>\n<meta property=\"og:locale\" content=\"fi_FI\" \/>\n<meta property=\"og:type\" content=\"article\" \/>\n<meta property=\"og:title\" content=\"Torp Frys | Ymp\u00e4rist\u00f6politiikka\" \/>\n<meta property=\"og:description\" content=\"Torp Frysin rehukeitti\u00f6 kehitt\u00e4\u00e4, tuottaa ja markkinoi turkisel\u00e4inten rehua. Ty\u00f6ss\u00e4mme yhdistyy kaupallisen toiminnan ja luonnon kunnioituksen lis\u00e4ksi raaka-aineen ja valmiin rehun laatutietoisuus.\" \/>\n<meta property=\"og:url\" content=\"https:\/\/torpfrys.fi\/fi\/torp-frysin-ymparistopolitiikka\/\" \/>\n<meta property=\"og:site_name\" content=\"Torp Frys\" \/>\n<meta property=\"article:modified_time\" content=\"2016-04-25T09:43:38+00:00\" \/>\n<meta name=\"twitter:card\" content=\"summary_large_image\" \/>\n<meta name=\"twitter:label1\" content=\"Arvioitu lukuaika\" \/>\n\t<meta name=\"twitter:data1\" content=\"2 minuuttia\" \/>\n<script type=\"application\/ld+json\" class=\"yoast-schema-graph\">{\"@context\":\"https:\/\/schema.org\",\"@graph\":[{\"@type\":\"WebPage\",\"@id\":\"https:\/\/torpfrys.fi\/fi\/torp-frysin-ymparistopolitiikka\/\",\"url\":\"https:\/\/torpfrys.fi\/fi\/torp-frysin-ymparistopolitiikka\/\",\"name\":\"Torp Frys | Ymp\u00e4rist\u00f6politiikka\",\"isPartOf\":{\"@id\":\"https:\/\/torpfrys.fi\/fi\/#website\"},\"datePublished\":\"2015-08-11T11:49:56+00:00\",\"dateModified\":\"2016-04-25T09:43:38+00:00\",\"description\":\"Torp Frysin rehukeitti\u00f6 kehitt\u00e4\u00e4, tuottaa ja markkinoi turkisel\u00e4inten rehua. Ty\u00f6ss\u00e4mme yhdistyy kaupallisen toiminnan ja luonnon kunnioituksen lis\u00e4ksi raaka-aineen ja valmiin rehun laatutietoisuus.\",\"breadcrumb\":{\"@id\":\"https:\/\/torpfrys.fi\/fi\/torp-frysin-ymparistopolitiikka\/#breadcrumb\"},\"inLanguage\":\"fi\",\"potentialAction\":[{\"@type\":\"ReadAction\",\"target\":[\"https:\/\/torpfrys.fi\/fi\/torp-frysin-ymparistopolitiikka\/\"]}]},{\"@type\":\"BreadcrumbList\",\"@id\":\"https:\/\/torpfrys.fi\/fi\/torp-frysin-ymparistopolitiikka\/#breadcrumb\",\"itemListElement\":[{\"@type\":\"ListItem\",\"position\":1,\"name\":\"Hem\",\"item\":\"https:\/\/torpfrys.fi\/fi\/\"},{\"@type\":\"ListItem\",\"position\":2,\"name\":\"Torp Frysin ymp\u00e4rist\u00f6politiikka\"}]},{\"@type\":\"WebSite\",\"@id\":\"https:\/\/torpfrys.fi\/fi\/#website\",\"url\":\"https:\/\/torpfrys.fi\/fi\/\",\"name\":\"Torp Frys\",\"description\":\"\",\"potentialAction\":[{\"@type\":\"SearchAction\",\"target\":{\"@type\":\"EntryPoint\",\"urlTemplate\":\"https:\/\/torpfrys.fi\/fi\/?s={search_term_string}\"},\"query-input\":{\"@type\":\"PropertyValueSpecification\",\"valueRequired\":true,\"valueName\":\"search_term_string\"}}],\"inLanguage\":\"fi\"}]}<\/script>\n<!-- \/ Yoast SEO plugin. -->","yoast_head_json":{"title":"Torp Frys | Ymp\u00e4rist\u00f6politiikka","description":"Torp Frysin rehukeitti\u00f6 kehitt\u00e4\u00e4, tuottaa ja markkinoi turkisel\u00e4inten rehua. Ty\u00f6ss\u00e4mme yhdistyy kaupallisen toiminnan ja luonnon kunnioituksen lis\u00e4ksi raaka-aineen ja valmiin rehun laatutietoisuus.","robots":{"index":"index","follow":"follow","max-snippet":"max-snippet:-1","max-image-preview":"max-image-preview:large","max-video-preview":"max-video-preview:-1"},"canonical":"https:\/\/torpfrys.fi\/fi\/torp-frysin-ymparistopolitiikka\/","og_locale":"fi_FI","og_type":"article","og_title":"Torp Frys | Ymp\u00e4rist\u00f6politiikka","og_description":"Torp Frysin rehukeitti\u00f6 kehitt\u00e4\u00e4, tuottaa ja markkinoi turkisel\u00e4inten rehua. Ty\u00f6ss\u00e4mme yhdistyy kaupallisen toiminnan ja luonnon kunnioituksen lis\u00e4ksi raaka-aineen ja valmiin rehun laatutietoisuus.","og_url":"https:\/\/torpfrys.fi\/fi\/torp-frysin-ymparistopolitiikka\/","og_site_name":"Torp Frys","article_modified_time":"2016-04-25T09:43:38+00:00","twitter_card":"summary_large_image","twitter_misc":{"Arvioitu lukuaika":"2 minuuttia"},"schema":{"@context":"https:\/\/schema.org","@graph":[{"@type":"WebPage","@id":"https:\/\/torpfrys.fi\/fi\/torp-frysin-ymparistopolitiikka\/","url":"https:\/\/torpfrys.fi\/fi\/torp-frysin-ymparistopolitiikka\/","name":"Torp Frys | Ymp\u00e4rist\u00f6politiikka","isPartOf":{"@id":"https:\/\/torpfrys.fi\/fi\/#website"},"datePublished":"2015-08-11T11:49:56+00:00","dateModified":"2016-04-25T09:43:38+00:00","description":"Torp Frysin rehukeitti\u00f6 kehitt\u00e4\u00e4, tuottaa ja markkinoi turkisel\u00e4inten rehua. Ty\u00f6ss\u00e4mme yhdistyy kaupallisen toiminnan ja luonnon kunnioituksen lis\u00e4ksi raaka-aineen ja valmiin rehun laatutietoisuus.","breadcrumb":{"@id":"https:\/\/torpfrys.fi\/fi\/torp-frysin-ymparistopolitiikka\/#breadcrumb"},"inLanguage":"fi","potentialAction":[{"@type":"ReadAction","target":["https:\/\/torpfrys.fi\/fi\/torp-frysin-ymparistopolitiikka\/"]}]},{"@type":"BreadcrumbList","@id":"https:\/\/torpfrys.fi\/fi\/torp-frysin-ymparistopolitiikka\/#breadcrumb","itemListElement":[{"@type":"ListItem","position":1,"name":"Hem","item":"https:\/\/torpfrys.fi\/fi\/"},{"@type":"ListItem","position":2,"name":"Torp Frysin ymp\u00e4rist\u00f6politiikka"}]},{"@type":"WebSite","@id":"https:\/\/torpfrys.fi\/fi\/#website","url":"https:\/\/torpfrys.fi\/fi\/","name":"Torp Frys","description":"","potentialAction":[{"@type":"SearchAction","target":{"@type":"EntryPoint","urlTemplate":"https:\/\/torpfrys.fi\/fi\/?s={search_term_string}"},"query-input":{"@type":"PropertyValueSpecification","valueRequired":true,"valueName":"search_term_string"}}],"inLanguage":"fi"}]}},"_links":{"self":[{"href":"https:\/\/torpfrys.fi\/fi\/wp-json\/wp\/v2\/pages\/288","targetHints":{"allow":["GET"]}}],"collection":[{"href":"https:\/\/torpfrys.fi\/fi\/wp-json\/wp\/v2\/pages"}],"about":[{"href":"https:\/\/torpfrys.fi\/fi\/wp-json\/wp\/v2\/types\/page"}],"author":[{"embeddable":true,"href":"https:\/\/torpfrys.fi\/fi\/wp-json\/wp\/v2\/users\/8"}],"replies":[{"embeddable":true,"href":"https:\/\/torpfrys.fi\/fi\/wp-json\/wp\/v2\/comments?post=288"}],"version-history":[{"count":2,"href":"https:\/\/torpfrys.fi\/fi\/wp-json\/wp\/v2\/pages\/288\/revisions"}],"predecessor-version":[{"id":4781,"href":"https:\/\/torpfrys.fi\/fi\/wp-json\/wp\/v2\/pages\/288\/revisions\/4781"}],"wp:attachment":[{"href":"https:\/\/torpfrys.fi\/fi\/wp-json\/wp\/v2\/media?parent=288"}],"curies":[{"name":"wp","href":"https:\/\/api.w.org\/{rel}","templated":true}]}}