
{"id":285,"date":"2015-08-11T12:52:20","date_gmt":"2015-08-11T10:52:20","guid":{"rendered":"http:\/\/testsajten.fi\/torpfrys\/fi\/historik\/"},"modified":"2019-05-08T15:23:07","modified_gmt":"2019-05-08T12:23:07","slug":"torp-frysin-historiikki","status":"publish","type":"page","link":"https:\/\/torpfrys.fi\/fi\/torp-frysin-historiikki\/","title":{"rendered":"Torp Frysin historiikki"},"content":{"rendered":"<div class=\"wpb-content-wrapper\"><p>[vc_row full_width=&#8221;true&#8221; bg_type=&#8221;image&#8221; parallax_style=&#8221;vcpb-default&#8221; bg_image_new=&#8221;208|http:\/\/torpfrys.fi\/wp-content\/uploads\/2015\/08\/oldfoder_new.jpg&#8221; bg_image_repeat=&#8221;no-repeat&#8221; bg_image_posiiton=&#8221;center&#8221; min_height=&#8221;50%&#8221; el_class=&#8221;torpf-header-background&#8221;][vc_column][vc_column_text]<br \/>\n[\/vc_column_text][\/vc_column][\/vc_row][vc_row][vc_column width=&#8221;2\/3&#8243;][vc_row_inner css=&#8221;.vc_custom_1438777553024{margin-top: 20px !important;}&#8221;][vc_column_inner css=&#8221;.vc_custom_1438583246401{padding-bottom: 20px !important;}&#8221;][vc_column_text]<\/p>\n<h1>Torp Frysin historiikki<\/h1>\n<p>[\/vc_column_text][\/vc_column_inner][\/vc_row_inner][vc_row_inner css=&#8221;.vc_custom_1439287814654{margin-bottom: 50px !important;}&#8221;][vc_column_inner][vc_column_text]Ida ja Herrman Snellmanin perheen lapset perustivat yrityksen avoimeksi yhti\u00f6ksi vuonna 1959. Siihen aikaan ei ollut olemassa monia vaihtoehtoja pienen maatilan sivuelinkeinoksi, mink\u00e4 vuoksi minkkitarhaus n\u00e4htiin sopivaksi luomaan ty\u00f6paikkoja ja toimeentulomahdollisuuden useammalle perheenj\u00e4senelle. Ennen sit\u00e4 oli viisi veljeksist\u00e4 k\u00e4ynnist\u00e4nyt makkaratehtaan Pietarsaaressa. Sielt\u00e4 tuli aina hieman sivutuotteita, jotka oli t\u00e4rke\u00e4 hy\u00f6dynt\u00e4\u00e4 ja jotka sopivat minkkien rehuksi.<\/p>\n<p>P\u00e4\u00e4tettiin hankkia 200 naarasminkki\u00e4 ja samalla alkaa valmistaa rehua. Yhti\u00f6n nimi oli silloin Torp Mink. Rehunvalmistus aloitettiin kotona sijaitsevassa pieness\u00e4 nikkarinverstaassa. Koska nyt oli mahdollisuus ostaa rehua, alkoivat l\u00e4hiseudun asukkaat perustaa tarhoja ja he tulivat ostamaan rehua el\u00e4imille. Nelj\u00e4 vuotta my\u00f6hemmin oli rehunvalmistus niin suurta, ett\u00e4 en\u00e4\u00e4 ei ollut<br \/>\nmahdollisuutta jatkaa rehuntuotantoa niiss\u00e4 tiloissa ja niinp\u00e4 p\u00e4\u00e4tettiin alkaa rakentamaan rehukeitti\u00f6t\u00e4. Vuonna 1964 rakennettiin uusi Torp Frys Ab:n rehukeitti\u00f6 nykyiselle paikalle. Rehuntuotanto jatkoi kasvuaan tasaisella tahdilla, mink\u00e4 johdosta vuosien mittaan tehtiin useita laajennuksia aina vuoteen 1997, jolloin koko tehdas tuhoutui t\u00e4ysin suuressa tulipalossa.<br \/>\nEdell\u00e4 mainittuna aikana k\u00e4ynnistettiin my\u00f6s koiranruoan valmistus, joka loppui tulipalon yhteydess\u00e4. Seuraavana vuonna, 1998, otettiin k\u00e4ytt\u00f6\u00f6n vastarakennettu rehukeitti\u00f6, joka edusti alallaan uudenaikaisinta tietokoneohjattua tuotantotekniikkaa ja ylsi tunnissa yli 50 tonnin tuotantokapasiteettiin. Vuoden 2012 rehuntuotannon m\u00e4\u00e4r\u00e4ksi arvioidaan noin 75 miljoonaa kiloa.<\/p>\n<p>1980-luvulla muutettiin koko tarha Kolpista Ala-\u00c4ht\u00e4v\u00e4n uudelle tarhausalueelle, jossa tuotetaan nyky\u00e4\u00e4n vuosittain noin 28000 minkki\u00e4 ja 9000 kettua.<\/p>\n<p>Vuonna 1979 rakennettiin 1000 m3 suuruinen kasvihuone tomaatin viljely\u00e4 varten. Kasvihuonetta laajennettiin my\u00f6hemmin ja se on nyt kooltaan noin 4000 m3. Kasvipuutarhalla on viljelyksess\u00e4 noin 10 000 tomaatintainta. Toimintaa harjoittaa Torp Handelstr\u00e4dg\u00e5rd Ab.<\/p>\n<p>Torp Frysin perusperiaatteiden mukaisesti etusijalle on aina asetettu rehellisyys ja hyv\u00e4 yhteisty\u00f6 sek\u00e4 kristillisiin arvoihin perustuva hyv\u00e4 yritysetiikka.[\/vc_column_text][\/vc_column_inner][\/vc_row_inner][\/vc_column][vc_column width=&#8221;1\/3&#8243; el_class=&#8221;torpf-yellow-sidebar&#8221;][vc_widget_sidebar show_bg=&#8221;false&#8221; sidebar_id=&#8221;sidebar_6&#8243;][\/vc_column][\/vc_row][vc_row margin_top=&#8221;20px&#8221;][vc_column][vc_single_image image=&#8221;387&#8243; img_size=&#8221;full&#8221; alignment=&#8221;center&#8221; image_hovers=&#8221;false&#8221;][\/vc_column][\/vc_row]<\/p>\n<\/div>","protected":false},"excerpt":{"rendered":"<p>[vc_row full_width=&#8221;true&#8221; bg_type=&#8221;image&#8221; parallax_style=&#8221;vcpb-default&#8221; bg_image_new=&#8221;208|http:\/\/torpfrys.fi\/wp-content\/uploads\/2015\/08\/oldfoder_new.jpg&#8221; bg_image_repeat=&#8221;no-repeat&#8221; bg_image_posiiton=&#8221;center&#8221; min_height=&#8221;50%&#8221; el_class=&#8221;torpf-header-background&#8221;][vc_column][vc_column_text] [\/vc_column_text][\/vc_column][\/vc_row][vc_row][vc_column width=&#8221;2\/3&#8243;][vc_row_inner css=&#8221;.vc_custom_1438777553024{margin-top: 20px !important;}&#8221;][vc_column_inner css=&#8221;.vc_custom_1438583246401{padding-bottom: 20px !important;}&#8221;][vc_column_text] Torp Frysin historiikki [\/vc_column_text][\/vc_column_inner][\/vc_row_inner][vc_row_inner css=&#8221;.vc_custom_1439287814654{margin-bottom: 50px !important;}&#8221;][vc_column_inner][vc_column_text]Ida ja Herrman Snellmanin perheen lapset perustivat yrityksen avoimeksi yhti\u00f6ksi vuonna 1959. Siihen aikaan ei ollut olemassa monia vaihtoehtoja pienen maatilan sivuelinkeinoksi, mink\u00e4 vuoksi minkkitarhaus n\u00e4htiin sopivaksi luomaan ty\u00f6paikkoja ja toimeentulomahdollisuuden useammalle&hellip;<\/p>\n","protected":false},"author":8,"featured_media":0,"parent":0,"menu_order":0,"comment_status":"closed","ping_status":"closed","template":"","meta":{"footnotes":""},"class_list":["post-285","page","type-page","status-publish","hentry","description-off"],"yoast_head":"<!-- This site is optimized with the Yoast SEO plugin v24.9 - https:\/\/yoast.com\/wordpress\/plugins\/seo\/ -->\n<title>Torp Frys | Historiikki<\/title>\n<meta name=\"description\" content=\"Ida ja Herrman Snellmanin perheen lapset perustivat yrityksen avoimeksi yhti\u00f6ksi vuonna 1959. Siihen aikaan ei ollut olemassa monia vaihtoehtoja pienen maatilan sivuelinkeinoksi.\" \/>\n<meta name=\"robots\" content=\"index, follow, max-snippet:-1, max-image-preview:large, max-video-preview:-1\" \/>\n<link rel=\"canonical\" href=\"https:\/\/torpfrys.fi\/fi\/torp-frysin-historiikki\/\" \/>\n<meta property=\"og:locale\" content=\"fi_FI\" \/>\n<meta property=\"og:type\" content=\"article\" \/>\n<meta property=\"og:title\" content=\"Torp Frys | Historiikki\" \/>\n<meta property=\"og:description\" content=\"Ida ja Herrman Snellmanin perheen lapset perustivat yrityksen avoimeksi yhti\u00f6ksi vuonna 1959. Siihen aikaan ei ollut olemassa monia vaihtoehtoja pienen maatilan sivuelinkeinoksi.\" \/>\n<meta property=\"og:url\" content=\"https:\/\/torpfrys.fi\/fi\/torp-frysin-historiikki\/\" \/>\n<meta property=\"og:site_name\" content=\"Torp Frys\" \/>\n<meta property=\"article:modified_time\" content=\"2019-05-08T12:23:07+00:00\" \/>\n<meta name=\"twitter:card\" content=\"summary_large_image\" \/>\n<meta name=\"twitter:label1\" content=\"Arvioitu lukuaika\" \/>\n\t<meta name=\"twitter:data1\" content=\"2 minuuttia\" \/>\n<script type=\"application\/ld+json\" class=\"yoast-schema-graph\">{\"@context\":\"https:\/\/schema.org\",\"@graph\":[{\"@type\":\"WebPage\",\"@id\":\"https:\/\/torpfrys.fi\/fi\/torp-frysin-historiikki\/\",\"url\":\"https:\/\/torpfrys.fi\/fi\/torp-frysin-historiikki\/\",\"name\":\"Torp Frys | Historiikki\",\"isPartOf\":{\"@id\":\"https:\/\/torpfrys.fi\/fi\/#website\"},\"datePublished\":\"2015-08-11T10:52:20+00:00\",\"dateModified\":\"2019-05-08T12:23:07+00:00\",\"description\":\"Ida ja Herrman Snellmanin perheen lapset perustivat yrityksen avoimeksi yhti\u00f6ksi vuonna 1959. Siihen aikaan ei ollut olemassa monia vaihtoehtoja pienen maatilan sivuelinkeinoksi.\",\"breadcrumb\":{\"@id\":\"https:\/\/torpfrys.fi\/fi\/torp-frysin-historiikki\/#breadcrumb\"},\"inLanguage\":\"fi\",\"potentialAction\":[{\"@type\":\"ReadAction\",\"target\":[\"https:\/\/torpfrys.fi\/fi\/torp-frysin-historiikki\/\"]}]},{\"@type\":\"BreadcrumbList\",\"@id\":\"https:\/\/torpfrys.fi\/fi\/torp-frysin-historiikki\/#breadcrumb\",\"itemListElement\":[{\"@type\":\"ListItem\",\"position\":1,\"name\":\"Hem\",\"item\":\"https:\/\/torpfrys.fi\/fi\/\"},{\"@type\":\"ListItem\",\"position\":2,\"name\":\"Torp Frysin historiikki\"}]},{\"@type\":\"WebSite\",\"@id\":\"https:\/\/torpfrys.fi\/fi\/#website\",\"url\":\"https:\/\/torpfrys.fi\/fi\/\",\"name\":\"Torp Frys\",\"description\":\"\",\"potentialAction\":[{\"@type\":\"SearchAction\",\"target\":{\"@type\":\"EntryPoint\",\"urlTemplate\":\"https:\/\/torpfrys.fi\/fi\/?s={search_term_string}\"},\"query-input\":{\"@type\":\"PropertyValueSpecification\",\"valueRequired\":true,\"valueName\":\"search_term_string\"}}],\"inLanguage\":\"fi\"}]}<\/script>\n<!-- \/ Yoast SEO plugin. -->","yoast_head_json":{"title":"Torp Frys | Historiikki","description":"Ida ja Herrman Snellmanin perheen lapset perustivat yrityksen avoimeksi yhti\u00f6ksi vuonna 1959. Siihen aikaan ei ollut olemassa monia vaihtoehtoja pienen maatilan sivuelinkeinoksi.","robots":{"index":"index","follow":"follow","max-snippet":"max-snippet:-1","max-image-preview":"max-image-preview:large","max-video-preview":"max-video-preview:-1"},"canonical":"https:\/\/torpfrys.fi\/fi\/torp-frysin-historiikki\/","og_locale":"fi_FI","og_type":"article","og_title":"Torp Frys | Historiikki","og_description":"Ida ja Herrman Snellmanin perheen lapset perustivat yrityksen avoimeksi yhti\u00f6ksi vuonna 1959. Siihen aikaan ei ollut olemassa monia vaihtoehtoja pienen maatilan sivuelinkeinoksi.","og_url":"https:\/\/torpfrys.fi\/fi\/torp-frysin-historiikki\/","og_site_name":"Torp Frys","article_modified_time":"2019-05-08T12:23:07+00:00","twitter_card":"summary_large_image","twitter_misc":{"Arvioitu lukuaika":"2 minuuttia"},"schema":{"@context":"https:\/\/schema.org","@graph":[{"@type":"WebPage","@id":"https:\/\/torpfrys.fi\/fi\/torp-frysin-historiikki\/","url":"https:\/\/torpfrys.fi\/fi\/torp-frysin-historiikki\/","name":"Torp Frys | Historiikki","isPartOf":{"@id":"https:\/\/torpfrys.fi\/fi\/#website"},"datePublished":"2015-08-11T10:52:20+00:00","dateModified":"2019-05-08T12:23:07+00:00","description":"Ida ja Herrman Snellmanin perheen lapset perustivat yrityksen avoimeksi yhti\u00f6ksi vuonna 1959. Siihen aikaan ei ollut olemassa monia vaihtoehtoja pienen maatilan sivuelinkeinoksi.","breadcrumb":{"@id":"https:\/\/torpfrys.fi\/fi\/torp-frysin-historiikki\/#breadcrumb"},"inLanguage":"fi","potentialAction":[{"@type":"ReadAction","target":["https:\/\/torpfrys.fi\/fi\/torp-frysin-historiikki\/"]}]},{"@type":"BreadcrumbList","@id":"https:\/\/torpfrys.fi\/fi\/torp-frysin-historiikki\/#breadcrumb","itemListElement":[{"@type":"ListItem","position":1,"name":"Hem","item":"https:\/\/torpfrys.fi\/fi\/"},{"@type":"ListItem","position":2,"name":"Torp Frysin historiikki"}]},{"@type":"WebSite","@id":"https:\/\/torpfrys.fi\/fi\/#website","url":"https:\/\/torpfrys.fi\/fi\/","name":"Torp Frys","description":"","potentialAction":[{"@type":"SearchAction","target":{"@type":"EntryPoint","urlTemplate":"https:\/\/torpfrys.fi\/fi\/?s={search_term_string}"},"query-input":{"@type":"PropertyValueSpecification","valueRequired":true,"valueName":"search_term_string"}}],"inLanguage":"fi"}]}},"_links":{"self":[{"href":"https:\/\/torpfrys.fi\/fi\/wp-json\/wp\/v2\/pages\/285","targetHints":{"allow":["GET"]}}],"collection":[{"href":"https:\/\/torpfrys.fi\/fi\/wp-json\/wp\/v2\/pages"}],"about":[{"href":"https:\/\/torpfrys.fi\/fi\/wp-json\/wp\/v2\/types\/page"}],"author":[{"embeddable":true,"href":"https:\/\/torpfrys.fi\/fi\/wp-json\/wp\/v2\/users\/8"}],"replies":[{"embeddable":true,"href":"https:\/\/torpfrys.fi\/fi\/wp-json\/wp\/v2\/comments?post=285"}],"version-history":[{"count":5,"href":"https:\/\/torpfrys.fi\/fi\/wp-json\/wp\/v2\/pages\/285\/revisions"}],"predecessor-version":[{"id":8105,"href":"https:\/\/torpfrys.fi\/fi\/wp-json\/wp\/v2\/pages\/285\/revisions\/8105"}],"wp:attachment":[{"href":"https:\/\/torpfrys.fi\/fi\/wp-json\/wp\/v2\/media?parent=285"}],"curies":[{"name":"wp","href":"https:\/\/api.w.org\/{rel}","templated":true}]}}