
{"id":281,"date":"2015-08-11T13:45:35","date_gmt":"2015-08-11T11:45:35","guid":{"rendered":"http:\/\/testsajten.fi\/torpfrys\/fi\/torp-frys-foderkommitte\/"},"modified":"2023-03-09T14:39:37","modified_gmt":"2023-03-09T12:39:37","slug":"torp-frysin-rehutoimikunta","status":"publish","type":"page","link":"https:\/\/torpfrys.fi\/fi\/torp-frysin-rehutoimikunta\/","title":{"rendered":"Torp Frysin rehutoimikunta"},"content":{"rendered":"<div class=\"wpb-content-wrapper\"><p>[vc_row type=&#8221;vc_default&#8221; bg_type=&#8221;image&#8221; parallax_style=&#8221;vcpb-default&#8221; bg_image_new=&#8221;id^4008|url^https:\/\/torpfrys.fi\/wp-content\/uploads\/2015\/08\/produktion-bg-1920-2.jpg|caption^null|alt^null|title^produktion-bg-1920-2|description^null&#8221; bg_image_repeat=&#8221;no-repeat&#8221; bg_image_posiiton=&#8221;center&#8221; bg_override=&#8221;full&#8221; min_height=&#8221;50%&#8221; el_class=&#8221;torpf-header-background&#8221;][vc_column][vc_column_text]<br \/>\n[\/vc_column_text][\/vc_column][\/vc_row][vc_row][vc_column width=&#8221;2\/3&#8243;][vc_row_inner css=&#8221;.vc_custom_1438770196267{margin-top: 20px !important;}&#8221;][vc_column_inner css=&#8221;.vc_custom_1438583246401{padding-bottom: 20px !important;}&#8221;][vc_column_text]<\/p>\n<h1>Torp Frysin rehutoimikunta<\/h1>\n<p>[\/vc_column_text][\/vc_column_inner][\/vc_row_inner][vc_row_inner css=&#8221;.vc_custom_1438700656135{margin-bottom: 50px !important;}&#8221;][vc_column_inner width=&#8221;7\/12&#8243;][\/vc_column_inner][vc_column_inner width=&#8221;5\/12&#8243;][vc_column_text]<\/p>\n<h3>Rehutoimikunnan muodostavat:<\/h3>\n<p><strong>Puheenjohtaja<\/strong><br \/>\nIngmar Snellman<\/p>\n<p><strong>Muut j\u00e4senet<\/strong><\/p>\n<p>Stefan Wik<br \/>\nTobias Andersson<br \/>\nAnders Kulp<br \/>\nRobert Nyg\u00e5rd<br \/>\nMikael M\u00e5rd<br \/>\nKenneth Hell\u00e9n<br \/>\nMikael Granlund<br \/>\nJohan Ljung<\/p>\n<p><strong>Sihteeri<\/strong><br \/>\nBjarne Snellman[\/vc_column_text][\/vc_column_inner][\/vc_row_inner][vc_row_inner][vc_column_inner][vc_column_text]Rehutoimikunta kokoontuu vuosittain 4-5 kertaa k\u00e4yd\u00e4kseen l\u00e4pi saapuneet analyysit sek\u00e4 eri ruokinta-ajanjaksoja koskevat rehusuunnitelmat.[\/vc_column_text][\/vc_column_inner][\/vc_row_inner][\/vc_column][vc_column width=&#8221;1\/3&#8243; el_class=&#8221;torpf-yellow-sidebar&#8221;][vc_widget_sidebar show_bg=&#8221;false&#8221; sidebar_id=&#8221;sidebar_5&#8243;][\/vc_column][\/vc_row][vc_row margin_top=&#8221;20px&#8221;][vc_column][vc_single_image image=&#8221;387&#8243; img_size=&#8221;full&#8221; alignment=&#8221;center&#8221; image_hovers=&#8221;false&#8221;][\/vc_column][\/vc_row]<\/p>\n<\/div>","protected":false},"excerpt":{"rendered":"<p>[vc_row type=&#8221;vc_default&#8221; bg_type=&#8221;image&#8221; parallax_style=&#8221;vcpb-default&#8221; bg_image_new=&#8221;id^4008|url^https:\/\/torpfrys.fi\/wp-content\/uploads\/2015\/08\/produktion-bg-1920-2.jpg|caption^null|alt^null|title^produktion-bg-1920-2|description^null&#8221; bg_image_repeat=&#8221;no-repeat&#8221; bg_image_posiiton=&#8221;center&#8221; bg_override=&#8221;full&#8221; min_height=&#8221;50%&#8221; el_class=&#8221;torpf-header-background&#8221;][vc_column][vc_column_text] [\/vc_column_text][\/vc_column][\/vc_row][vc_row][vc_column width=&#8221;2\/3&#8243;][vc_row_inner css=&#8221;.vc_custom_1438770196267{margin-top: 20px !important;}&#8221;][vc_column_inner css=&#8221;.vc_custom_1438583246401{padding-bottom: 20px !important;}&#8221;][vc_column_text] Torp Frysin rehutoimikunta [\/vc_column_text][\/vc_column_inner][\/vc_row_inner][vc_row_inner css=&#8221;.vc_custom_1438700656135{margin-bottom: 50px !important;}&#8221;][vc_column_inner width=&#8221;7\/12&#8243;][\/vc_column_inner][vc_column_inner width=&#8221;5\/12&#8243;][vc_column_text] Rehutoimikunnan muodostavat: Puheenjohtaja Ingmar Snellman Muut j\u00e4senet Stefan Wik Tobias Andersson Anders Kulp Robert Nyg\u00e5rd Mikael M\u00e5rd Kenneth Hell\u00e9n Mikael Granlund Johan Ljung Sihteeri Bjarne Snellman[\/vc_column_text][\/vc_column_inner][\/vc_row_inner][vc_row_inner][vc_column_inner][vc_column_text]Rehutoimikunta kokoontuu vuosittain&hellip;<\/p>\n","protected":false},"author":8,"featured_media":0,"parent":0,"menu_order":0,"comment_status":"closed","ping_status":"closed","template":"","meta":{"footnotes":""},"class_list":["post-281","page","type-page","status-publish","hentry","description-off"],"yoast_head":"<!-- This site is optimized with the Yoast SEO plugin v24.9 - https:\/\/yoast.com\/wordpress\/plugins\/seo\/ -->\n<title>Torp Frys | Rehutoimikunta<\/title>\n<meta name=\"description\" content=\"Torp Frysin rehutoimikunta kokoontuu vuosittain 4-5 kertaa k\u00e4yd\u00e4kseen l\u00e4pi saapuneet analyysit sek\u00e4 eri ruokinta-ajanjaksoja koskevat rehusuunnitelmat.\" \/>\n<meta name=\"robots\" content=\"index, follow, max-snippet:-1, max-image-preview:large, max-video-preview:-1\" \/>\n<link rel=\"canonical\" href=\"https:\/\/torpfrys.fi\/fi\/torp-frysin-rehutoimikunta\/\" \/>\n<meta property=\"og:locale\" content=\"fi_FI\" \/>\n<meta property=\"og:type\" content=\"article\" \/>\n<meta property=\"og:title\" content=\"Torp Frys | Rehutoimikunta\" \/>\n<meta property=\"og:description\" content=\"Torp Frysin rehutoimikunta kokoontuu vuosittain 4-5 kertaa k\u00e4yd\u00e4kseen l\u00e4pi saapuneet analyysit sek\u00e4 eri ruokinta-ajanjaksoja koskevat rehusuunnitelmat.\" \/>\n<meta property=\"og:url\" content=\"https:\/\/torpfrys.fi\/fi\/torp-frysin-rehutoimikunta\/\" \/>\n<meta property=\"og:site_name\" content=\"Torp Frys\" \/>\n<meta property=\"article:modified_time\" content=\"2023-03-09T12:39:37+00:00\" \/>\n<meta name=\"twitter:card\" content=\"summary_large_image\" \/>\n<meta name=\"twitter:label1\" content=\"Arvioitu lukuaika\" \/>\n\t<meta name=\"twitter:data1\" content=\"1 minuutti\" \/>\n<script type=\"application\/ld+json\" class=\"yoast-schema-graph\">{\"@context\":\"https:\/\/schema.org\",\"@graph\":[{\"@type\":\"WebPage\",\"@id\":\"https:\/\/torpfrys.fi\/fi\/torp-frysin-rehutoimikunta\/\",\"url\":\"https:\/\/torpfrys.fi\/fi\/torp-frysin-rehutoimikunta\/\",\"name\":\"Torp Frys | Rehutoimikunta\",\"isPartOf\":{\"@id\":\"https:\/\/torpfrys.fi\/fi\/#website\"},\"datePublished\":\"2015-08-11T11:45:35+00:00\",\"dateModified\":\"2023-03-09T12:39:37+00:00\",\"description\":\"Torp Frysin rehutoimikunta kokoontuu vuosittain 4-5 kertaa k\u00e4yd\u00e4kseen l\u00e4pi saapuneet analyysit sek\u00e4 eri ruokinta-ajanjaksoja koskevat rehusuunnitelmat.\",\"breadcrumb\":{\"@id\":\"https:\/\/torpfrys.fi\/fi\/torp-frysin-rehutoimikunta\/#breadcrumb\"},\"inLanguage\":\"fi\",\"potentialAction\":[{\"@type\":\"ReadAction\",\"target\":[\"https:\/\/torpfrys.fi\/fi\/torp-frysin-rehutoimikunta\/\"]}]},{\"@type\":\"BreadcrumbList\",\"@id\":\"https:\/\/torpfrys.fi\/fi\/torp-frysin-rehutoimikunta\/#breadcrumb\",\"itemListElement\":[{\"@type\":\"ListItem\",\"position\":1,\"name\":\"Hem\",\"item\":\"https:\/\/torpfrys.fi\/fi\/\"},{\"@type\":\"ListItem\",\"position\":2,\"name\":\"Torp Frysin rehutoimikunta\"}]},{\"@type\":\"WebSite\",\"@id\":\"https:\/\/torpfrys.fi\/fi\/#website\",\"url\":\"https:\/\/torpfrys.fi\/fi\/\",\"name\":\"Torp Frys\",\"description\":\"\",\"potentialAction\":[{\"@type\":\"SearchAction\",\"target\":{\"@type\":\"EntryPoint\",\"urlTemplate\":\"https:\/\/torpfrys.fi\/fi\/?s={search_term_string}\"},\"query-input\":{\"@type\":\"PropertyValueSpecification\",\"valueRequired\":true,\"valueName\":\"search_term_string\"}}],\"inLanguage\":\"fi\"}]}<\/script>\n<!-- \/ Yoast SEO plugin. -->","yoast_head_json":{"title":"Torp Frys | Rehutoimikunta","description":"Torp Frysin rehutoimikunta kokoontuu vuosittain 4-5 kertaa k\u00e4yd\u00e4kseen l\u00e4pi saapuneet analyysit sek\u00e4 eri ruokinta-ajanjaksoja koskevat rehusuunnitelmat.","robots":{"index":"index","follow":"follow","max-snippet":"max-snippet:-1","max-image-preview":"max-image-preview:large","max-video-preview":"max-video-preview:-1"},"canonical":"https:\/\/torpfrys.fi\/fi\/torp-frysin-rehutoimikunta\/","og_locale":"fi_FI","og_type":"article","og_title":"Torp Frys | Rehutoimikunta","og_description":"Torp Frysin rehutoimikunta kokoontuu vuosittain 4-5 kertaa k\u00e4yd\u00e4kseen l\u00e4pi saapuneet analyysit sek\u00e4 eri ruokinta-ajanjaksoja koskevat rehusuunnitelmat.","og_url":"https:\/\/torpfrys.fi\/fi\/torp-frysin-rehutoimikunta\/","og_site_name":"Torp Frys","article_modified_time":"2023-03-09T12:39:37+00:00","twitter_card":"summary_large_image","twitter_misc":{"Arvioitu lukuaika":"1 minuutti"},"schema":{"@context":"https:\/\/schema.org","@graph":[{"@type":"WebPage","@id":"https:\/\/torpfrys.fi\/fi\/torp-frysin-rehutoimikunta\/","url":"https:\/\/torpfrys.fi\/fi\/torp-frysin-rehutoimikunta\/","name":"Torp Frys | Rehutoimikunta","isPartOf":{"@id":"https:\/\/torpfrys.fi\/fi\/#website"},"datePublished":"2015-08-11T11:45:35+00:00","dateModified":"2023-03-09T12:39:37+00:00","description":"Torp Frysin rehutoimikunta kokoontuu vuosittain 4-5 kertaa k\u00e4yd\u00e4kseen l\u00e4pi saapuneet analyysit sek\u00e4 eri ruokinta-ajanjaksoja koskevat rehusuunnitelmat.","breadcrumb":{"@id":"https:\/\/torpfrys.fi\/fi\/torp-frysin-rehutoimikunta\/#breadcrumb"},"inLanguage":"fi","potentialAction":[{"@type":"ReadAction","target":["https:\/\/torpfrys.fi\/fi\/torp-frysin-rehutoimikunta\/"]}]},{"@type":"BreadcrumbList","@id":"https:\/\/torpfrys.fi\/fi\/torp-frysin-rehutoimikunta\/#breadcrumb","itemListElement":[{"@type":"ListItem","position":1,"name":"Hem","item":"https:\/\/torpfrys.fi\/fi\/"},{"@type":"ListItem","position":2,"name":"Torp Frysin rehutoimikunta"}]},{"@type":"WebSite","@id":"https:\/\/torpfrys.fi\/fi\/#website","url":"https:\/\/torpfrys.fi\/fi\/","name":"Torp Frys","description":"","potentialAction":[{"@type":"SearchAction","target":{"@type":"EntryPoint","urlTemplate":"https:\/\/torpfrys.fi\/fi\/?s={search_term_string}"},"query-input":{"@type":"PropertyValueSpecification","valueRequired":true,"valueName":"search_term_string"}}],"inLanguage":"fi"}]}},"_links":{"self":[{"href":"https:\/\/torpfrys.fi\/fi\/wp-json\/wp\/v2\/pages\/281","targetHints":{"allow":["GET"]}}],"collection":[{"href":"https:\/\/torpfrys.fi\/fi\/wp-json\/wp\/v2\/pages"}],"about":[{"href":"https:\/\/torpfrys.fi\/fi\/wp-json\/wp\/v2\/types\/page"}],"author":[{"embeddable":true,"href":"https:\/\/torpfrys.fi\/fi\/wp-json\/wp\/v2\/users\/8"}],"replies":[{"embeddable":true,"href":"https:\/\/torpfrys.fi\/fi\/wp-json\/wp\/v2\/comments?post=281"}],"version-history":[{"count":10,"href":"https:\/\/torpfrys.fi\/fi\/wp-json\/wp\/v2\/pages\/281\/revisions"}],"predecessor-version":[{"id":13480,"href":"https:\/\/torpfrys.fi\/fi\/wp-json\/wp\/v2\/pages\/281\/revisions\/13480"}],"wp:attachment":[{"href":"https:\/\/torpfrys.fi\/fi\/wp-json\/wp\/v2\/media?parent=281"}],"curies":[{"name":"wp","href":"https:\/\/api.w.org\/{rel}","templated":true}]}}