
{"id":277,"date":"2015-08-11T13:30:17","date_gmt":"2015-08-11T11:30:17","guid":{"rendered":"http:\/\/testsajten.fi\/torpfrys\/fi\/torp-frys-egenkontroll\/"},"modified":"2015-10-02T09:59:03","modified_gmt":"2015-10-02T07:59:03","slug":"torp-frysin-omavalvonta","status":"publish","type":"page","link":"https:\/\/torpfrys.fi\/fi\/torp-frysin-omavalvonta\/","title":{"rendered":"Torp Frysin omavalvonta"},"content":{"rendered":"<div class=\"wpb-content-wrapper\"><p>[vc_row margin_top=&#8221;&#8221; full_width=&#8221;true&#8221; bg_type=&#8221;image&#8221; parallax_style=&#8221;vcpb-default&#8221; bg_image_new=&#8221;210|http:\/\/torpfrys.fi\/wp-content\/uploads\/2015\/08\/egenkontroll-bg-1920.jpg&#8221; bg_image_repeat=&#8221;no-repeat&#8221; bg_image_posiiton=&#8221;center&#8221; min_height=&#8221;50%&#8221; el_class=&#8221;torpf-header-background&#8221;][vc_column][vc_column_text]<br \/>\n[\/vc_column_text][\/vc_column][\/vc_row][vc_row][vc_column width=&#8221;2\/3&#8243;][vc_row_inner css=&#8221;.vc_custom_1438770196267{margin-top: 20px !important;}&#8221;][vc_column_inner css=&#8221;.vc_custom_1438583246401{padding-bottom: 20px !important;}&#8221;][vc_column_text]<\/p>\n<h1>Torp Frysin omavalvonta<\/h1>\n<p>[\/vc_column_text][\/vc_column_inner][\/vc_row_inner][vc_row_inner css=&#8221;.vc_custom_1438700656135{margin-bottom: 50px !important;}&#8221;][vc_column_inner][vc_column_text]Torp Frysill\u00e4 on laatusopimukset kaikkien raaka-ainetoimittajien kanssa.<\/p>\n<h3>Laatusopimus<\/h3>\n<p>Jokainen raaka-ainetoimitus saa oman vastaanottolomakkeen, joka sis\u00e4lt\u00e4\u00e4 seurantatiedot sek\u00e4 raaka-aineen vastaanottajan allekirjoituksen.<\/p>\n<p>Jokaisesta pakastettua raaka-ainetta sis\u00e4lt\u00e4v\u00e4st\u00e4 kuormalavasta merkit\u00e4\u00e4n yl\u00f6s pakkasvarastoon laitettaessa p\u00e4iv\u00e4m\u00e4\u00e4r\u00e4, k\u00e4sittelij\u00e4n nimi ja mit\u00e4 raaka-ainetta kuormalavalla on.<\/p>\n<p>Kaikilla raaka-aineilla on omat riskienhallintasuunnitelmansa, joissa on k\u00e4yty l\u00e4pi kaikki eri vaiheet kuljetuksesta, k\u00e4sittelyst\u00e4, varastoinnista, tuotannosta ym. Suunnitelmassa on kuvattu kaikki riskit sek\u00e4 raja-arvot, joiden rajojen sis\u00e4ll\u00e4 raaka-aine tulee s\u00e4ilytt\u00e4\u00e4. Sen lis\u00e4ksi on ohjeet kuinka tulee toimia raja-arvot ylitt\u00e4v\u00e4n raaka-aine er\u00e4n kanssa.<\/p>\n<p>Torp Frysin omavalvonta mahdollistaa tarkan raaka-aineen seurannan, mik\u00e4 puolestaan antaa suuremman varmuuden siit\u00e4, ett\u00e4 lopputuotteen hyv\u00e4 laatu s\u00e4ilyy.<\/p>\n<h3>Esimerkki raja-arvosta<\/h3>\n<p>Raaka-ainetta tuotantoon vastaan otattaessa varastointilomakkeeseen kirjataan raaka-aine, p\u00e4iv\u00e4m\u00e4\u00e4r\u00e4 ja sen henkil\u00f6n nimi, joka on vastaanottanut ja varastoinut raaka-aineen. N\u00e4in on mahdollista j\u00e4ljitt\u00e4\u00e4 tiedot siit\u00e4 milloin raaka-aine on saapunut, kuka on ollut vastaanottaja ja kuka on raaka-aineen hyv\u00e4ksynyt.<\/p>\n<h3>Laboratoriolaitteisto<\/h3>\n<p>Ennen rehun toimittamista asiakkailleen Torp Frys tarkastaa sen omassa laboratoriossaan. N\u00e4in varmistetaan ett\u00e4 rehu noudattaa vallitsevalle ruokinta-ajanjaksolle asetettuja tavoitteita.<\/p>\n<p class=\"torpf-kvalitetresultat\" style=\"text-align: center;\">Laatu luo Tulosta!<\/p>\n<p>[\/vc_column_text][\/vc_column_inner][\/vc_row_inner][\/vc_column][vc_column width=&#8221;1\/3&#8243; el_class=&#8221;torpf-yellow-sidebar&#8221;][vc_widget_sidebar show_bg=&#8221;false&#8221; sidebar_id=&#8221;sidebar_5&#8243;][\/vc_column][\/vc_row][vc_row margin_top=&#8221;20px&#8221;][vc_column][vc_single_image image=&#8221;62&#8243; img_size=&#8221;full&#8221; alignment=&#8221;center&#8221; image_hovers=&#8221;false&#8221;][\/vc_column][\/vc_row]<\/p>\n<\/div>","protected":false},"excerpt":{"rendered":"<p>[vc_row margin_top=&#8221;&#8221; full_width=&#8221;true&#8221; bg_type=&#8221;image&#8221; parallax_style=&#8221;vcpb-default&#8221; bg_image_new=&#8221;210|http:\/\/torpfrys.fi\/wp-content\/uploads\/2015\/08\/egenkontroll-bg-1920.jpg&#8221; bg_image_repeat=&#8221;no-repeat&#8221; bg_image_posiiton=&#8221;center&#8221; min_height=&#8221;50%&#8221; el_class=&#8221;torpf-header-background&#8221;][vc_column][vc_column_text] [\/vc_column_text][\/vc_column][\/vc_row][vc_row][vc_column width=&#8221;2\/3&#8243;][vc_row_inner css=&#8221;.vc_custom_1438770196267{margin-top: 20px !important;}&#8221;][vc_column_inner css=&#8221;.vc_custom_1438583246401{padding-bottom: 20px !important;}&#8221;][vc_column_text] Torp Frysin omavalvonta [\/vc_column_text][\/vc_column_inner][\/vc_row_inner][vc_row_inner css=&#8221;.vc_custom_1438700656135{margin-bottom: 50px !important;}&#8221;][vc_column_inner][vc_column_text]Torp Frysill\u00e4 on laatusopimukset kaikkien raaka-ainetoimittajien kanssa. Laatusopimus Jokainen raaka-ainetoimitus saa oman vastaanottolomakkeen, joka sis\u00e4lt\u00e4\u00e4 seurantatiedot sek\u00e4 raaka-aineen vastaanottajan allekirjoituksen. Jokaisesta pakastettua raaka-ainetta sis\u00e4lt\u00e4v\u00e4st\u00e4 kuormalavasta merkit\u00e4\u00e4n yl\u00f6s pakkasvarastoon laitettaessa p\u00e4iv\u00e4m\u00e4\u00e4r\u00e4, k\u00e4sittelij\u00e4n&hellip;<\/p>\n","protected":false},"author":8,"featured_media":0,"parent":0,"menu_order":0,"comment_status":"closed","ping_status":"closed","template":"","meta":{"footnotes":""},"class_list":["post-277","page","type-page","status-publish","hentry","description-off"],"yoast_head":"<!-- This site is optimized with the Yoast SEO plugin v24.9 - https:\/\/yoast.com\/wordpress\/plugins\/seo\/ -->\n<title>Torp Frys | Omavalvonta<\/title>\n<meta name=\"description\" content=\"Torp Frysill\u00e4 on laatusopimukset kaikkien raaka-ainetoimittajien kanssa.\" \/>\n<meta name=\"robots\" content=\"index, follow, max-snippet:-1, max-image-preview:large, max-video-preview:-1\" \/>\n<link rel=\"canonical\" href=\"https:\/\/torpfrys.fi\/fi\/torp-frysin-omavalvonta\/\" \/>\n<meta property=\"og:locale\" content=\"fi_FI\" \/>\n<meta property=\"og:type\" content=\"article\" \/>\n<meta property=\"og:title\" content=\"Torp Frys | Omavalvonta\" \/>\n<meta property=\"og:description\" content=\"Torp Frysill\u00e4 on laatusopimukset kaikkien raaka-ainetoimittajien kanssa.\" \/>\n<meta property=\"og:url\" content=\"https:\/\/torpfrys.fi\/fi\/torp-frysin-omavalvonta\/\" \/>\n<meta property=\"og:site_name\" content=\"Torp Frys\" \/>\n<meta property=\"article:modified_time\" content=\"2015-10-02T07:59:03+00:00\" \/>\n<meta name=\"twitter:card\" content=\"summary_large_image\" \/>\n<meta name=\"twitter:label1\" content=\"Arvioitu lukuaika\" \/>\n\t<meta name=\"twitter:data1\" content=\"2 minuuttia\" \/>\n<script type=\"application\/ld+json\" class=\"yoast-schema-graph\">{\"@context\":\"https:\/\/schema.org\",\"@graph\":[{\"@type\":\"WebPage\",\"@id\":\"https:\/\/torpfrys.fi\/fi\/torp-frysin-omavalvonta\/\",\"url\":\"https:\/\/torpfrys.fi\/fi\/torp-frysin-omavalvonta\/\",\"name\":\"Torp Frys | Omavalvonta\",\"isPartOf\":{\"@id\":\"https:\/\/torpfrys.fi\/fi\/#website\"},\"datePublished\":\"2015-08-11T11:30:17+00:00\",\"dateModified\":\"2015-10-02T07:59:03+00:00\",\"description\":\"Torp Frysill\u00e4 on laatusopimukset kaikkien raaka-ainetoimittajien kanssa.\",\"breadcrumb\":{\"@id\":\"https:\/\/torpfrys.fi\/fi\/torp-frysin-omavalvonta\/#breadcrumb\"},\"inLanguage\":\"fi\",\"potentialAction\":[{\"@type\":\"ReadAction\",\"target\":[\"https:\/\/torpfrys.fi\/fi\/torp-frysin-omavalvonta\/\"]}]},{\"@type\":\"BreadcrumbList\",\"@id\":\"https:\/\/torpfrys.fi\/fi\/torp-frysin-omavalvonta\/#breadcrumb\",\"itemListElement\":[{\"@type\":\"ListItem\",\"position\":1,\"name\":\"Hem\",\"item\":\"https:\/\/torpfrys.fi\/fi\/\"},{\"@type\":\"ListItem\",\"position\":2,\"name\":\"Torp Frysin omavalvonta\"}]},{\"@type\":\"WebSite\",\"@id\":\"https:\/\/torpfrys.fi\/fi\/#website\",\"url\":\"https:\/\/torpfrys.fi\/fi\/\",\"name\":\"Torp Frys\",\"description\":\"\",\"potentialAction\":[{\"@type\":\"SearchAction\",\"target\":{\"@type\":\"EntryPoint\",\"urlTemplate\":\"https:\/\/torpfrys.fi\/fi\/?s={search_term_string}\"},\"query-input\":{\"@type\":\"PropertyValueSpecification\",\"valueRequired\":true,\"valueName\":\"search_term_string\"}}],\"inLanguage\":\"fi\"}]}<\/script>\n<!-- \/ Yoast SEO plugin. -->","yoast_head_json":{"title":"Torp Frys | Omavalvonta","description":"Torp Frysill\u00e4 on laatusopimukset kaikkien raaka-ainetoimittajien kanssa.","robots":{"index":"index","follow":"follow","max-snippet":"max-snippet:-1","max-image-preview":"max-image-preview:large","max-video-preview":"max-video-preview:-1"},"canonical":"https:\/\/torpfrys.fi\/fi\/torp-frysin-omavalvonta\/","og_locale":"fi_FI","og_type":"article","og_title":"Torp Frys | Omavalvonta","og_description":"Torp Frysill\u00e4 on laatusopimukset kaikkien raaka-ainetoimittajien kanssa.","og_url":"https:\/\/torpfrys.fi\/fi\/torp-frysin-omavalvonta\/","og_site_name":"Torp Frys","article_modified_time":"2015-10-02T07:59:03+00:00","twitter_card":"summary_large_image","twitter_misc":{"Arvioitu lukuaika":"2 minuuttia"},"schema":{"@context":"https:\/\/schema.org","@graph":[{"@type":"WebPage","@id":"https:\/\/torpfrys.fi\/fi\/torp-frysin-omavalvonta\/","url":"https:\/\/torpfrys.fi\/fi\/torp-frysin-omavalvonta\/","name":"Torp Frys | Omavalvonta","isPartOf":{"@id":"https:\/\/torpfrys.fi\/fi\/#website"},"datePublished":"2015-08-11T11:30:17+00:00","dateModified":"2015-10-02T07:59:03+00:00","description":"Torp Frysill\u00e4 on laatusopimukset kaikkien raaka-ainetoimittajien kanssa.","breadcrumb":{"@id":"https:\/\/torpfrys.fi\/fi\/torp-frysin-omavalvonta\/#breadcrumb"},"inLanguage":"fi","potentialAction":[{"@type":"ReadAction","target":["https:\/\/torpfrys.fi\/fi\/torp-frysin-omavalvonta\/"]}]},{"@type":"BreadcrumbList","@id":"https:\/\/torpfrys.fi\/fi\/torp-frysin-omavalvonta\/#breadcrumb","itemListElement":[{"@type":"ListItem","position":1,"name":"Hem","item":"https:\/\/torpfrys.fi\/fi\/"},{"@type":"ListItem","position":2,"name":"Torp Frysin omavalvonta"}]},{"@type":"WebSite","@id":"https:\/\/torpfrys.fi\/fi\/#website","url":"https:\/\/torpfrys.fi\/fi\/","name":"Torp Frys","description":"","potentialAction":[{"@type":"SearchAction","target":{"@type":"EntryPoint","urlTemplate":"https:\/\/torpfrys.fi\/fi\/?s={search_term_string}"},"query-input":{"@type":"PropertyValueSpecification","valueRequired":true,"valueName":"search_term_string"}}],"inLanguage":"fi"}]}},"_links":{"self":[{"href":"https:\/\/torpfrys.fi\/fi\/wp-json\/wp\/v2\/pages\/277","targetHints":{"allow":["GET"]}}],"collection":[{"href":"https:\/\/torpfrys.fi\/fi\/wp-json\/wp\/v2\/pages"}],"about":[{"href":"https:\/\/torpfrys.fi\/fi\/wp-json\/wp\/v2\/types\/page"}],"author":[{"embeddable":true,"href":"https:\/\/torpfrys.fi\/fi\/wp-json\/wp\/v2\/users\/8"}],"replies":[{"embeddable":true,"href":"https:\/\/torpfrys.fi\/fi\/wp-json\/wp\/v2\/comments?post=277"}],"version-history":[{"count":2,"href":"https:\/\/torpfrys.fi\/fi\/wp-json\/wp\/v2\/pages\/277\/revisions"}],"predecessor-version":[{"id":279,"href":"https:\/\/torpfrys.fi\/fi\/wp-json\/wp\/v2\/pages\/277\/revisions\/279"}],"wp:attachment":[{"href":"https:\/\/torpfrys.fi\/fi\/wp-json\/wp\/v2\/media?parent=277"}],"curies":[{"name":"wp","href":"https:\/\/api.w.org\/{rel}","templated":true}]}}