
{"id":274,"date":"2015-08-04T17:39:44","date_gmt":"2015-08-04T15:39:44","guid":{"rendered":"http:\/\/testsajten.fi\/torpfrys\/fi\/produktion\/"},"modified":"2015-10-07T09:47:03","modified_gmt":"2015-10-07T07:47:03","slug":"torp-frysin-rehutuotanto","status":"publish","type":"page","link":"https:\/\/torpfrys.fi\/fi\/torp-frysin-rehutuotanto\/","title":{"rendered":"Torp Frysin rehutuotanto"},"content":{"rendered":"<div class=\"wpb-content-wrapper\"><p>[vc_row margin_top=&#8221;&#8221; full_width=&#8221;true&#8221; bg_type=&#8221;image&#8221; parallax_style=&#8221;vcpb-default&#8221; bg_image_new=&#8221;4008|http:\/\/torpfrys.fi\/wp-content\/uploads\/2015\/08\/produktion-bg-1920-2.jpg&#8221; bg_image_repeat=&#8221;no-repeat&#8221; bg_image_posiiton=&#8221;center&#8221; min_height=&#8221;50%&#8221; el_class=&#8221;torpf-header-background&#8221;][vc_column][vc_column_text]<br \/>\n[\/vc_column_text][\/vc_column][\/vc_row][vc_row][vc_column width=&#8221;2\/3&#8243;][vc_row_inner css=&#8221;.vc_custom_1438770196267{margin-top: 20px !important;}&#8221;][vc_column_inner css=&#8221;.vc_custom_1438583246401{padding-bottom: 20px !important;}&#8221;][vc_column_text]<\/p>\n<h1>Torp Frysin rehutuotanto<\/h1>\n<p>[\/vc_column_text][\/vc_column_inner][\/vc_row_inner][vc_row_inner css=&#8221;.vc_custom_1438700656135{margin-bottom: 50px !important;}&#8221;][vc_column_inner][vc_column_text]<\/p>\n<ul>\n<li>Tavoitteenamme on rationaalisin tuotantomenetelmin korkealaatuisen rehun valmistus kilpailukykyiseen hintaan.<\/li>\n<li>Asiakkaamme ovat toimintamme keskipisteen\u00e4.<\/li>\n<li>Meill\u00e4 on tiukat vaatimukset koskien raaka-aineiden laatua, hygienia-arvoja, valmiin rehun k\u00e4sittely\u00e4, tuotantolaitteiston sek\u00e4 kuljetuskaluston hygieniatasoa.<\/li>\n<li>Tuotantolaitoksemme rehunvalmistus on tietokoneohjattu ja rehun valmistukseen tarvittavat raaka-aineet punnitaan automaattisesti eri siiloista, keittimist\u00e4, sekoittimista jne. Prosessi etenee automaattisesti ohjelmoidun reseptin mukaisesti.<\/li>\n<\/ul>\n<p>[\/vc_column_text][\/vc_column_inner][\/vc_row_inner][\/vc_column][vc_column width=&#8221;1\/3&#8243; el_class=&#8221;torpf-yellow-sidebar&#8221;][vc_widget_sidebar show_bg=&#8221;false&#8221; sidebar_id=&#8221;sidebar_5&#8243;][\/vc_column][\/vc_row][vc_row margin_top=&#8221;20px&#8221;][vc_column][vc_single_image image=&#8221;62&#8243; img_size=&#8221;full&#8221; alignment=&#8221;center&#8221; image_hovers=&#8221;false&#8221;][\/vc_column][\/vc_row]<\/p>\n<\/div>","protected":false},"excerpt":{"rendered":"<p>[vc_row margin_top=&#8221;&#8221; full_width=&#8221;true&#8221; bg_type=&#8221;image&#8221; parallax_style=&#8221;vcpb-default&#8221; bg_image_new=&#8221;4008|http:\/\/torpfrys.fi\/wp-content\/uploads\/2015\/08\/produktion-bg-1920-2.jpg&#8221; bg_image_repeat=&#8221;no-repeat&#8221; bg_image_posiiton=&#8221;center&#8221; min_height=&#8221;50%&#8221; el_class=&#8221;torpf-header-background&#8221;][vc_column][vc_column_text] [\/vc_column_text][\/vc_column][\/vc_row][vc_row][vc_column width=&#8221;2\/3&#8243;][vc_row_inner css=&#8221;.vc_custom_1438770196267{margin-top: 20px !important;}&#8221;][vc_column_inner css=&#8221;.vc_custom_1438583246401{padding-bottom: 20px !important;}&#8221;][vc_column_text] Torp Frysin rehutuotanto [\/vc_column_text][\/vc_column_inner][\/vc_row_inner][vc_row_inner css=&#8221;.vc_custom_1438700656135{margin-bottom: 50px !important;}&#8221;][vc_column_inner][vc_column_text] Tavoitteenamme on rationaalisin tuotantomenetelmin korkealaatuisen rehun valmistus kilpailukykyiseen hintaan. Asiakkaamme ovat toimintamme keskipisteen\u00e4. Meill\u00e4 on tiukat vaatimukset koskien raaka-aineiden laatua, hygienia-arvoja, valmiin rehun k\u00e4sittely\u00e4, tuotantolaitteiston sek\u00e4 kuljetuskaluston hygieniatasoa. Tuotantolaitoksemme rehunvalmistus&hellip;<\/p>\n","protected":false},"author":8,"featured_media":0,"parent":0,"menu_order":0,"comment_status":"closed","ping_status":"closed","template":"","meta":{"footnotes":""},"class_list":["post-274","page","type-page","status-publish","hentry","description-off"],"yoast_head":"<!-- This site is optimized with the Yoast SEO plugin v24.9 - https:\/\/yoast.com\/wordpress\/plugins\/seo\/ -->\n<title>Torp Frys | Rehutuotanto<\/title>\n<meta name=\"description\" content=\"Torp Frysin tavoitteena on valmistaa rationaalisin tuotantomenetelmin korkealaatuista rehua kilpailukykyiseen hintaan.\" \/>\n<meta name=\"robots\" content=\"index, follow, max-snippet:-1, max-image-preview:large, max-video-preview:-1\" \/>\n<link rel=\"canonical\" href=\"https:\/\/torpfrys.fi\/fi\/torp-frysin-rehutuotanto\/\" \/>\n<meta property=\"og:locale\" content=\"fi_FI\" \/>\n<meta property=\"og:type\" content=\"article\" \/>\n<meta property=\"og:title\" content=\"Torp Frys | Rehutuotanto\" \/>\n<meta property=\"og:description\" content=\"Torp Frysin tavoitteena on valmistaa rationaalisin tuotantomenetelmin korkealaatuista rehua kilpailukykyiseen hintaan.\" \/>\n<meta property=\"og:url\" content=\"https:\/\/torpfrys.fi\/fi\/torp-frysin-rehutuotanto\/\" \/>\n<meta property=\"og:site_name\" content=\"Torp Frys\" \/>\n<meta property=\"article:modified_time\" content=\"2015-10-07T07:47:03+00:00\" \/>\n<meta name=\"twitter:card\" content=\"summary_large_image\" \/>\n<meta name=\"twitter:label1\" content=\"Arvioitu lukuaika\" \/>\n\t<meta name=\"twitter:data1\" content=\"1 minuutti\" \/>\n<script type=\"application\/ld+json\" class=\"yoast-schema-graph\">{\"@context\":\"https:\/\/schema.org\",\"@graph\":[{\"@type\":\"WebPage\",\"@id\":\"https:\/\/torpfrys.fi\/fi\/torp-frysin-rehutuotanto\/\",\"url\":\"https:\/\/torpfrys.fi\/fi\/torp-frysin-rehutuotanto\/\",\"name\":\"Torp Frys | Rehutuotanto\",\"isPartOf\":{\"@id\":\"https:\/\/torpfrys.fi\/fi\/#website\"},\"datePublished\":\"2015-08-04T15:39:44+00:00\",\"dateModified\":\"2015-10-07T07:47:03+00:00\",\"description\":\"Torp Frysin tavoitteena on valmistaa rationaalisin tuotantomenetelmin korkealaatuista rehua kilpailukykyiseen hintaan.\",\"breadcrumb\":{\"@id\":\"https:\/\/torpfrys.fi\/fi\/torp-frysin-rehutuotanto\/#breadcrumb\"},\"inLanguage\":\"fi\",\"potentialAction\":[{\"@type\":\"ReadAction\",\"target\":[\"https:\/\/torpfrys.fi\/fi\/torp-frysin-rehutuotanto\/\"]}]},{\"@type\":\"BreadcrumbList\",\"@id\":\"https:\/\/torpfrys.fi\/fi\/torp-frysin-rehutuotanto\/#breadcrumb\",\"itemListElement\":[{\"@type\":\"ListItem\",\"position\":1,\"name\":\"Hem\",\"item\":\"https:\/\/torpfrys.fi\/fi\/\"},{\"@type\":\"ListItem\",\"position\":2,\"name\":\"Torp Frysin rehutuotanto\"}]},{\"@type\":\"WebSite\",\"@id\":\"https:\/\/torpfrys.fi\/fi\/#website\",\"url\":\"https:\/\/torpfrys.fi\/fi\/\",\"name\":\"Torp Frys\",\"description\":\"\",\"potentialAction\":[{\"@type\":\"SearchAction\",\"target\":{\"@type\":\"EntryPoint\",\"urlTemplate\":\"https:\/\/torpfrys.fi\/fi\/?s={search_term_string}\"},\"query-input\":{\"@type\":\"PropertyValueSpecification\",\"valueRequired\":true,\"valueName\":\"search_term_string\"}}],\"inLanguage\":\"fi\"}]}<\/script>\n<!-- \/ Yoast SEO plugin. -->","yoast_head_json":{"title":"Torp Frys | Rehutuotanto","description":"Torp Frysin tavoitteena on valmistaa rationaalisin tuotantomenetelmin korkealaatuista rehua kilpailukykyiseen hintaan.","robots":{"index":"index","follow":"follow","max-snippet":"max-snippet:-1","max-image-preview":"max-image-preview:large","max-video-preview":"max-video-preview:-1"},"canonical":"https:\/\/torpfrys.fi\/fi\/torp-frysin-rehutuotanto\/","og_locale":"fi_FI","og_type":"article","og_title":"Torp Frys | Rehutuotanto","og_description":"Torp Frysin tavoitteena on valmistaa rationaalisin tuotantomenetelmin korkealaatuista rehua kilpailukykyiseen hintaan.","og_url":"https:\/\/torpfrys.fi\/fi\/torp-frysin-rehutuotanto\/","og_site_name":"Torp Frys","article_modified_time":"2015-10-07T07:47:03+00:00","twitter_card":"summary_large_image","twitter_misc":{"Arvioitu lukuaika":"1 minuutti"},"schema":{"@context":"https:\/\/schema.org","@graph":[{"@type":"WebPage","@id":"https:\/\/torpfrys.fi\/fi\/torp-frysin-rehutuotanto\/","url":"https:\/\/torpfrys.fi\/fi\/torp-frysin-rehutuotanto\/","name":"Torp Frys | Rehutuotanto","isPartOf":{"@id":"https:\/\/torpfrys.fi\/fi\/#website"},"datePublished":"2015-08-04T15:39:44+00:00","dateModified":"2015-10-07T07:47:03+00:00","description":"Torp Frysin tavoitteena on valmistaa rationaalisin tuotantomenetelmin korkealaatuista rehua kilpailukykyiseen hintaan.","breadcrumb":{"@id":"https:\/\/torpfrys.fi\/fi\/torp-frysin-rehutuotanto\/#breadcrumb"},"inLanguage":"fi","potentialAction":[{"@type":"ReadAction","target":["https:\/\/torpfrys.fi\/fi\/torp-frysin-rehutuotanto\/"]}]},{"@type":"BreadcrumbList","@id":"https:\/\/torpfrys.fi\/fi\/torp-frysin-rehutuotanto\/#breadcrumb","itemListElement":[{"@type":"ListItem","position":1,"name":"Hem","item":"https:\/\/torpfrys.fi\/fi\/"},{"@type":"ListItem","position":2,"name":"Torp Frysin rehutuotanto"}]},{"@type":"WebSite","@id":"https:\/\/torpfrys.fi\/fi\/#website","url":"https:\/\/torpfrys.fi\/fi\/","name":"Torp Frys","description":"","potentialAction":[{"@type":"SearchAction","target":{"@type":"EntryPoint","urlTemplate":"https:\/\/torpfrys.fi\/fi\/?s={search_term_string}"},"query-input":{"@type":"PropertyValueSpecification","valueRequired":true,"valueName":"search_term_string"}}],"inLanguage":"fi"}]}},"_links":{"self":[{"href":"https:\/\/torpfrys.fi\/fi\/wp-json\/wp\/v2\/pages\/274","targetHints":{"allow":["GET"]}}],"collection":[{"href":"https:\/\/torpfrys.fi\/fi\/wp-json\/wp\/v2\/pages"}],"about":[{"href":"https:\/\/torpfrys.fi\/fi\/wp-json\/wp\/v2\/types\/page"}],"author":[{"embeddable":true,"href":"https:\/\/torpfrys.fi\/fi\/wp-json\/wp\/v2\/users\/8"}],"replies":[{"embeddable":true,"href":"https:\/\/torpfrys.fi\/fi\/wp-json\/wp\/v2\/comments?post=274"}],"version-history":[{"count":3,"href":"https:\/\/torpfrys.fi\/fi\/wp-json\/wp\/v2\/pages\/274\/revisions"}],"predecessor-version":[{"id":4010,"href":"https:\/\/torpfrys.fi\/fi\/wp-json\/wp\/v2\/pages\/274\/revisions\/4010"}],"wp:attachment":[{"href":"https:\/\/torpfrys.fi\/fi\/wp-json\/wp\/v2\/media?parent=274"}],"curies":[{"name":"wp","href":"https:\/\/api.w.org\/{rel}","templated":true}]}}