
{"id":271,"date":"2015-08-04T17:41:25","date_gmt":"2015-08-04T15:41:25","guid":{"rendered":"http:\/\/testsajten.fi\/torpfrys\/fi\/kontakta-oss\/"},"modified":"2024-12-09T10:04:34","modified_gmt":"2024-12-09T08:04:34","slug":"ota-yhteytta","status":"publish","type":"page","link":"https:\/\/torpfrys.fi\/fi\/ota-yhteytta\/","title":{"rendered":"Ota yhteytt\u00e4"},"content":{"rendered":"<div class=\"wpb-content-wrapper\"><p>[vc_row type=&#8221;vc_default&#8221; full_width=&#8221;stretch_row_content_no_spaces&#8221; min_height=&#8221;50%&#8221; el_class=&#8221;torpf-header-background&#8221; css=&#8221;.vc_custom_1576852587142{background-image: url(https:\/\/torpfrys.fi\/wp-content\/uploads\/2019\/12\/torpfrys-flygbild.jpg?id=8786) !important;background-position: center !important;background-repeat: no-repeat !important;background-size: cover !important;}&#8221;][vc_column][vc_column_text]<br \/>\n[\/vc_column_text][\/vc_column][\/vc_row][vc_row][vc_column width=&#8221;2\/3&#8243;][vc_row_inner css=&#8221;.vc_custom_1438777553024{margin-top: 20px !important;}&#8221;][vc_column_inner css=&#8221;.vc_custom_1438583246401{padding-bottom: 20px !important;}&#8221;][vc_column_text]<\/p>\n<h1>Ota yhteytt\u00e4<\/h1>\n<p>[\/vc_column_text][\/vc_column_inner][\/vc_row_inner][vc_row_inner css=&#8221;.vc_custom_1439287814654{margin-bottom: 50px !important;}&#8221;][vc_column_inner][vc_toggle title=&#8221;L\u00e4het\u00e4 viesti&#8221; style=&#8221;square&#8221; size=&#8221;lg&#8221; el_id=&#8221;torpf-meddelande-formular&#8221; el_class=&#8221;torpf-skicka-meddelande-toggle&#8221;]<\/p>\n\n<div class=\"wpcf7 no-js\" id=\"wpcf7-f322-o1\" lang=\"fi\" dir=\"ltr\" data-wpcf7-id=\"322\">\n<div class=\"screen-reader-response\"><p role=\"status\" aria-live=\"polite\" aria-atomic=\"true\"><\/p> <ul><\/ul><\/div>\n<form action=\"\/fi\/wp-json\/wp\/v2\/pages\/271#wpcf7-f322-o1\" method=\"post\" class=\"wpcf7-form init\" aria-label=\"Yhteydenottolomake\" novalidate=\"novalidate\" data-status=\"init\">\n<div style=\"display: none;\">\n<input type=\"hidden\" name=\"_wpcf7\" value=\"322\" \/>\n<input type=\"hidden\" name=\"_wpcf7_version\" value=\"6.0.6\" \/>\n<input type=\"hidden\" name=\"_wpcf7_locale\" value=\"fi\" \/>\n<input type=\"hidden\" name=\"_wpcf7_unit_tag\" value=\"wpcf7-f322-o1\" \/>\n<input type=\"hidden\" name=\"_wpcf7_container_post\" value=\"0\" \/>\n<input type=\"hidden\" name=\"_wpcf7_posted_data_hash\" value=\"\" \/>\n<input type=\"hidden\" name=\"_wpcf7_recaptcha_response\" value=\"\" \/>\n<\/div>\n<div class=\"torpf-fmlr-kolumn-hel\">\n\t<div class=\"torpf-fmlr-kolumn-halv\">\n\t\t<p class=\"torpf-fmlr-namn\">Nimi (pakollinen)\n\t\t<\/p>\n\t\t<p><span class=\"wpcf7-form-control-wrap\" data-name=\"your-name\"><input size=\"40\" maxlength=\"400\" class=\"wpcf7-form-control wpcf7-text wpcf7-validates-as-required\" aria-required=\"true\" aria-invalid=\"false\" value=\"\" type=\"text\" name=\"your-name\" \/><\/span>\n\t\t<\/p>\n\t<\/div>\n\t<div class=\"torpf-fmlr-kolumn-halv\">\n\t\t<p class=\"torpf-fmlr-epost\">S\u00e4hk\u00f6posti (pakollinen)\n\t\t<\/p>\n\t\t<p><span class=\"wpcf7-form-control-wrap\" data-name=\"your-email\"><input size=\"40\" maxlength=\"400\" class=\"wpcf7-form-control wpcf7-email wpcf7-validates-as-required wpcf7-text wpcf7-validates-as-email\" aria-required=\"true\" aria-invalid=\"false\" value=\"\" type=\"email\" name=\"your-email\" \/><\/span>\n\t\t<\/p>\n\t<\/div>\n\t<div class=\"torpf-fmlr-kolumn-hel\">\n\t\t<p>Viesti\n\t\t<\/p>\n\t\t<p><span class=\"wpcf7-form-control-wrap\" data-name=\"your-message\"><textarea cols=\"40\" rows=\"10\" maxlength=\"2000\" class=\"wpcf7-form-control wpcf7-textarea\" aria-invalid=\"false\" name=\"your-message\"><\/textarea><\/span>\n\t\t<\/p>\n\t<\/div>\n<\/div>\n<div class=\"torpf-fmlr-kolumn-hel\">\n\t<p>T\u00e4m\u00e4n sivun suojaa reCAPTCHA, mik\u00e4 tarkoittaa, ett\u00e4 Googlen <a href=\"https:\/\/policies.google.com\/privacy?hl=fi\" target=\"_blank\">tietosuojak\u00e4yt\u00e4nn\u00f6t<\/a> ja <a href=\"https:\/\/policies.google.com\/terms?hl=fi\" target=\"_blank\">k\u00e4ytt\u00f6ehdot<\/a> ovat voimassa.\n\t<\/p>\n\t<p><input class=\"wpcf7-form-control wpcf7-submit has-spinner\" type=\"submit\" value=\"L\u00e4het\u00e4\" \/>\n\t<\/p>\n<\/div><div class=\"wpcf7-response-output\" aria-hidden=\"true\"><\/div>\n<\/form>\n<\/div>\n\n<p>[\/vc_toggle][\/vc_column_inner][\/vc_row_inner][\/vc_column][vc_column width=&#8221;1\/3&#8243; el_class=&#8221;torpf-yellow-sidebar&#8221;][vc_widget_sidebar show_bg=&#8221;false&#8221; sidebar_id=&#8221;sidebar_6&#8243;][\/vc_column][\/vc_row][vc_row anchor=&#8221;kontaktuppgifter&#8221;][vc_column width=&#8221;2\/3&#8243;][vc_row_inner][vc_column_inner][vc_column_text css=&#8221;.vc_custom_1441886001704{margin-bottom: 20px !important;}&#8221;]<\/p>\n<h3>Yhteystiedot<\/h3>\n<p>[\/vc_column_text][vc_column_text css=&#8221;.vc_custom_1446541088936{margin-bottom: 20px !important;}&#8221;]Vaihde: <a href=\"tel:\/\/06-781 8300\">06-781 8300<\/a>[\/vc_column_text][\/vc_column_inner][\/vc_row_inner][vc_row_inner][vc_column_inner width=&#8221;1\/2&#8243;][vc_column_text css=&#8221;.vc_custom_1441886268294{margin-bottom: 20px !important;}&#8221;]<strong>Torp Frys<\/strong><br \/>\nTarhatie 2<br \/>\n68800 Kolppi[\/vc_column_text][\/vc_column_inner][vc_column_inner width=&#8221;1\/2&#8243;][vc_column_text css=&#8221;.vc_custom_1732610944303{margin-bottom: 20px !important;}&#8221;]<strong>Laskutusosoite:<\/strong><br \/>\nTorp Frys Ab<br \/>\nPL 58996<br \/>\n01051 LASKUT<br \/>\nLaskut PDF-muodossa:\u00a0<a href=\"mailto:fennoa.508562@erin.posti.com\">fennoa.508562@erin.posti.com<\/a><\/p>\n<p><a href=\"\/wp-content\/uploads\/2024\/11\/2024-tf-fakt-adress-laskutusosoite.pdf\" target=\"_blank\" rel=\"noopener noreferrer\">info<\/a>[\/vc_column_text][\/vc_column_inner][\/vc_row_inner][vc_row_inner][vc_column_inner][vc_column_text css=&#8221;.vc_custom_1441886118526{margin-top: 20px !important;margin-bottom: 20px !important;}&#8221;]<\/p>\n<h3>Rehukeitti\u00f6<\/h3>\n<p>[\/vc_column_text][\/vc_column_inner][\/vc_row_inner][vc_row_inner][vc_column_inner width=&#8221;1\/2&#8243;][vc_column_text css=&#8221;.vc_custom_1733731471917{margin-bottom: 20px !important;}&#8221;]TJ<br \/>\n<strong>Fredrik Snellman<br \/>\n<\/strong><a href=\"tel:0442410530\">044-241 0530<\/a><br \/>\nfredrik.snellman@torpfrys.fi[\/vc_column_text][\/vc_column_inner][vc_column_inner width=&#8221;1\/2&#8243;][vc_column_text css=&#8221;.vc_custom_1446541126179{margin-bottom: 20px !important;}&#8221;]Myynti- &amp; ostoreskontra<br \/>\n<strong>Nina Thom\u00e9n<\/strong><br \/>\n<a href=\"tel:\/\/06-781 8300\">06-781 8300<\/a><br \/>\nnina.thomen@torpfrys.fi[\/vc_column_text][\/vc_column_inner][\/vc_row_inner][vc_row_inner][vc_column_inner width=&#8221;1\/2&#8243;][vc_column_text css=&#8221;.vc_custom_1678266559615{margin-bottom: 20px !important;}&#8221;]Tuotantop\u00e4\u00e4llikk\u00f6<br \/>\n<strong>Ingmar Snellman<br \/>\n<\/strong><a href=\"tel:\/\/040-702 1674\">040-702 1674<\/a><br \/>\ningmar.snellman@torpfrys.fi[\/vc_column_text][\/vc_column_inner][vc_column_inner width=&#8221;1\/2&#8243;][vc_column_text css=&#8221;.vc_custom_1446543138591{margin-bottom: 20px !important;}&#8221;]Logistiikkap\u00e4\u00e4llikk\u00f6<br \/>\n<strong>Boris M\u00e5rd<br \/>\n<\/strong><a href=\"tel:\/\/050-577 1597\">050-577 1597<\/a><br \/>\nboris.mard@torpfrys.fi[\/vc_column_text][\/vc_column_inner][\/vc_row_inner][vc_row_inner][vc_column_inner width=&#8221;1\/2&#8243;][vc_column_text css=&#8221;.vc_custom_1634278954218{margin-bottom: 20px !important;}&#8221;]Huolto<br \/>\n<strong>Jens Snellman<br \/>\n<\/strong><a href=\"tel:\/\/044-733 6129\">044-733 6129<\/a><br \/>\njens.snellman@torpfrys.fi[\/vc_column_text][\/vc_column_inner][vc_column_inner width=&#8221;1\/2&#8243;]<br \/>\n[\/vc_column_inner][\/vc_row_inner][vc_row_inner][vc_column_inner][vc_column_text css=&#8221;.vc_custom_1446543239786{margin-top: 20px !important;margin-bottom: 20px !important;}&#8221;]<\/p>\n<h3>Turkisel\u00e4intarha<\/h3>\n<p>[\/vc_column_text][\/vc_column_inner][\/vc_row_inner][vc_row_inner][vc_column_inner width=&#8221;1\/2&#8243;][vc_column_text css=&#8221;.vc_custom_1678266500681{margin-bottom: 20px !important;}&#8221;]Tarhap\u00e4\u00e4llikk\u00f6<br \/>\n<strong>Lars-Johan M\u00e5rd<\/strong><br \/>\n050-597 1677<\/p>\n<p>lars-johan.mard@torpfrys.fi[\/vc_column_text][\/vc_column_inner][vc_column_inner width=&#8221;1\/2&#8243;][vc_column_text css=&#8221;.vc_custom_1678266535051{margin-bottom: 20px !important;}&#8221;]Vastuuhenkil\u00f6 kettupuolella<br \/>\n<strong>Mikael M\u00e5rd<\/strong><br \/>\n050-352 1112<\/p>\n<p>mikael.mard@torpfrys.fi[\/vc_column_text][\/vc_column_inner][\/vc_row_inner][\/vc_column][vc_column width=&#8221;1\/3&#8243;][vc_column_text]<br \/>\n[\/vc_column_text][\/vc_column][\/vc_row][vc_row margin_top=&#8221;20px&#8221;][vc_column][vc_single_image image=&#8221;387&#8243; img_size=&#8221;full&#8221; alignment=&#8221;center&#8221; image_hovers=&#8221;false&#8221;][\/vc_column][\/vc_row]<\/p>\n<\/div>","protected":false},"excerpt":{"rendered":"<p>[vc_row type=&#8221;vc_default&#8221; full_width=&#8221;stretch_row_content_no_spaces&#8221; min_height=&#8221;50%&#8221; el_class=&#8221;torpf-header-background&#8221; css=&#8221;.vc_custom_1576852587142{background-image: url(https:\/\/torpfrys.fi\/wp-content\/uploads\/2019\/12\/torpfrys-flygbild.jpg?id=8786) !important;background-position: center !important;background-repeat: no-repeat !important;background-size: cover !important;}&#8221;][vc_column][vc_column_text] [\/vc_column_text][\/vc_column][\/vc_row][vc_row][vc_column width=&#8221;2\/3&#8243;][vc_row_inner css=&#8221;.vc_custom_1438777553024{margin-top: 20px !important;}&#8221;][vc_column_inner css=&#8221;.vc_custom_1438583246401{padding-bottom: 20px !important;}&#8221;][vc_column_text] Ota yhteytt\u00e4 [\/vc_column_text][\/vc_column_inner][\/vc_row_inner][vc_row_inner css=&#8221;.vc_custom_1439287814654{margin-bottom: 50px !important;}&#8221;][vc_column_inner][vc_toggle title=&#8221;L\u00e4het\u00e4 viesti&#8221; style=&#8221;square&#8221; size=&#8221;lg&#8221; el_id=&#8221;torpf-meddelande-formular&#8221; el_class=&#8221;torpf-skicka-meddelande-toggle&#8221;] [\/vc_toggle][\/vc_column_inner][\/vc_row_inner][\/vc_column][vc_column width=&#8221;1\/3&#8243; el_class=&#8221;torpf-yellow-sidebar&#8221;][vc_widget_sidebar show_bg=&#8221;false&#8221; sidebar_id=&#8221;sidebar_6&#8243;][\/vc_column][\/vc_row][vc_row anchor=&#8221;kontaktuppgifter&#8221;][vc_column width=&#8221;2\/3&#8243;][vc_row_inner][vc_column_inner][vc_column_text css=&#8221;.vc_custom_1441886001704{margin-bottom: 20px !important;}&#8221;] Yhteystiedot [\/vc_column_text][vc_column_text css=&#8221;.vc_custom_1446541088936{margin-bottom: 20px !important;}&#8221;]Vaihde: 06-781 8300[\/vc_column_text][\/vc_column_inner][\/vc_row_inner][vc_row_inner][vc_column_inner width=&#8221;1\/2&#8243;][vc_column_text css=&#8221;.vc_custom_1441886268294{margin-bottom: 20px !important;}&#8221;]Torp&hellip;<\/p>\n","protected":false},"author":8,"featured_media":0,"parent":0,"menu_order":0,"comment_status":"closed","ping_status":"closed","template":"","meta":{"footnotes":""},"class_list":["post-271","page","type-page","status-publish","hentry","description-off"],"yoast_head":"<!-- This site is optimized with the Yoast SEO plugin v24.9 - https:\/\/yoast.com\/wordpress\/plugins\/seo\/ -->\n<title>Torp Frys | Yhteystiedot<\/title>\n<meta name=\"description\" content=\"Vaihde: 06-781 8300, nina.thomen@torpfrys.fi, Torp Frys Tarhatie 2, 68800 Kolppi.\" \/>\n<meta name=\"robots\" content=\"index, follow, max-snippet:-1, max-image-preview:large, max-video-preview:-1\" \/>\n<link rel=\"canonical\" href=\"https:\/\/torpfrys.fi\/fi\/ota-yhteytta\/\" \/>\n<meta property=\"og:locale\" content=\"fi_FI\" \/>\n<meta property=\"og:type\" content=\"article\" \/>\n<meta property=\"og:title\" content=\"Torp Frys | Yhteystiedot\" \/>\n<meta property=\"og:description\" content=\"Vaihde: 06-781 8300, nina.thomen@torpfrys.fi, Torp Frys Tarhatie 2, 68800 Kolppi.\" \/>\n<meta property=\"og:url\" content=\"https:\/\/torpfrys.fi\/fi\/ota-yhteytta\/\" \/>\n<meta property=\"og:site_name\" content=\"Torp Frys\" \/>\n<meta property=\"article:modified_time\" content=\"2024-12-09T08:04:34+00:00\" \/>\n<meta name=\"twitter:card\" content=\"summary_large_image\" \/>\n<meta name=\"twitter:label1\" content=\"Arvioitu lukuaika\" \/>\n\t<meta name=\"twitter:data1\" content=\"2 minuuttia\" \/>\n<script type=\"application\/ld+json\" class=\"yoast-schema-graph\">{\"@context\":\"https:\/\/schema.org\",\"@graph\":[{\"@type\":\"WebPage\",\"@id\":\"https:\/\/torpfrys.fi\/fi\/ota-yhteytta\/\",\"url\":\"https:\/\/torpfrys.fi\/fi\/ota-yhteytta\/\",\"name\":\"Torp Frys | Yhteystiedot\",\"isPartOf\":{\"@id\":\"https:\/\/torpfrys.fi\/fi\/#website\"},\"datePublished\":\"2015-08-04T15:41:25+00:00\",\"dateModified\":\"2024-12-09T08:04:34+00:00\",\"description\":\"Vaihde: 06-781 8300, nina.thomen@torpfrys.fi, Torp Frys Tarhatie 2, 68800 Kolppi.\",\"breadcrumb\":{\"@id\":\"https:\/\/torpfrys.fi\/fi\/ota-yhteytta\/#breadcrumb\"},\"inLanguage\":\"fi\",\"potentialAction\":[{\"@type\":\"ReadAction\",\"target\":[\"https:\/\/torpfrys.fi\/fi\/ota-yhteytta\/\"]}]},{\"@type\":\"BreadcrumbList\",\"@id\":\"https:\/\/torpfrys.fi\/fi\/ota-yhteytta\/#breadcrumb\",\"itemListElement\":[{\"@type\":\"ListItem\",\"position\":1,\"name\":\"Hem\",\"item\":\"https:\/\/torpfrys.fi\/fi\/\"},{\"@type\":\"ListItem\",\"position\":2,\"name\":\"Ota yhteytt\u00e4\"}]},{\"@type\":\"WebSite\",\"@id\":\"https:\/\/torpfrys.fi\/fi\/#website\",\"url\":\"https:\/\/torpfrys.fi\/fi\/\",\"name\":\"Torp Frys\",\"description\":\"\",\"potentialAction\":[{\"@type\":\"SearchAction\",\"target\":{\"@type\":\"EntryPoint\",\"urlTemplate\":\"https:\/\/torpfrys.fi\/fi\/?s={search_term_string}\"},\"query-input\":{\"@type\":\"PropertyValueSpecification\",\"valueRequired\":true,\"valueName\":\"search_term_string\"}}],\"inLanguage\":\"fi\"}]}<\/script>\n<!-- \/ Yoast SEO plugin. -->","yoast_head_json":{"title":"Torp Frys | Yhteystiedot","description":"Vaihde: 06-781 8300, nina.thomen@torpfrys.fi, Torp Frys Tarhatie 2, 68800 Kolppi.","robots":{"index":"index","follow":"follow","max-snippet":"max-snippet:-1","max-image-preview":"max-image-preview:large","max-video-preview":"max-video-preview:-1"},"canonical":"https:\/\/torpfrys.fi\/fi\/ota-yhteytta\/","og_locale":"fi_FI","og_type":"article","og_title":"Torp Frys | Yhteystiedot","og_description":"Vaihde: 06-781 8300, nina.thomen@torpfrys.fi, Torp Frys Tarhatie 2, 68800 Kolppi.","og_url":"https:\/\/torpfrys.fi\/fi\/ota-yhteytta\/","og_site_name":"Torp Frys","article_modified_time":"2024-12-09T08:04:34+00:00","twitter_card":"summary_large_image","twitter_misc":{"Arvioitu lukuaika":"2 minuuttia"},"schema":{"@context":"https:\/\/schema.org","@graph":[{"@type":"WebPage","@id":"https:\/\/torpfrys.fi\/fi\/ota-yhteytta\/","url":"https:\/\/torpfrys.fi\/fi\/ota-yhteytta\/","name":"Torp Frys | Yhteystiedot","isPartOf":{"@id":"https:\/\/torpfrys.fi\/fi\/#website"},"datePublished":"2015-08-04T15:41:25+00:00","dateModified":"2024-12-09T08:04:34+00:00","description":"Vaihde: 06-781 8300, nina.thomen@torpfrys.fi, Torp Frys Tarhatie 2, 68800 Kolppi.","breadcrumb":{"@id":"https:\/\/torpfrys.fi\/fi\/ota-yhteytta\/#breadcrumb"},"inLanguage":"fi","potentialAction":[{"@type":"ReadAction","target":["https:\/\/torpfrys.fi\/fi\/ota-yhteytta\/"]}]},{"@type":"BreadcrumbList","@id":"https:\/\/torpfrys.fi\/fi\/ota-yhteytta\/#breadcrumb","itemListElement":[{"@type":"ListItem","position":1,"name":"Hem","item":"https:\/\/torpfrys.fi\/fi\/"},{"@type":"ListItem","position":2,"name":"Ota yhteytt\u00e4"}]},{"@type":"WebSite","@id":"https:\/\/torpfrys.fi\/fi\/#website","url":"https:\/\/torpfrys.fi\/fi\/","name":"Torp Frys","description":"","potentialAction":[{"@type":"SearchAction","target":{"@type":"EntryPoint","urlTemplate":"https:\/\/torpfrys.fi\/fi\/?s={search_term_string}"},"query-input":{"@type":"PropertyValueSpecification","valueRequired":true,"valueName":"search_term_string"}}],"inLanguage":"fi"}]}},"_links":{"self":[{"href":"https:\/\/torpfrys.fi\/fi\/wp-json\/wp\/v2\/pages\/271","targetHints":{"allow":["GET"]}}],"collection":[{"href":"https:\/\/torpfrys.fi\/fi\/wp-json\/wp\/v2\/pages"}],"about":[{"href":"https:\/\/torpfrys.fi\/fi\/wp-json\/wp\/v2\/types\/page"}],"author":[{"embeddable":true,"href":"https:\/\/torpfrys.fi\/fi\/wp-json\/wp\/v2\/users\/8"}],"replies":[{"embeddable":true,"href":"https:\/\/torpfrys.fi\/fi\/wp-json\/wp\/v2\/comments?post=271"}],"version-history":[{"count":21,"href":"https:\/\/torpfrys.fi\/fi\/wp-json\/wp\/v2\/pages\/271\/revisions"}],"predecessor-version":[{"id":15080,"href":"https:\/\/torpfrys.fi\/fi\/wp-json\/wp\/v2\/pages\/271\/revisions\/15080"}],"wp:attachment":[{"href":"https:\/\/torpfrys.fi\/fi\/wp-json\/wp\/v2\/media?parent=271"}],"curies":[{"name":"wp","href":"https:\/\/api.w.org\/{rel}","templated":true}]}}