
{"id":263,"date":"2015-08-04T17:40:26","date_gmt":"2015-08-04T15:40:26","guid":{"rendered":"http:\/\/testsajten.fi\/torpfrys\/fi\/farmen\/"},"modified":"2023-03-08T11:19:51","modified_gmt":"2023-03-08T09:19:51","slug":"turkistarha","status":"publish","type":"page","link":"https:\/\/torpfrys.fi\/fi\/turkistarha\/","title":{"rendered":"Turkistarha"},"content":{"rendered":"<div class=\"wpb-content-wrapper\"><p>[vc_row full_width=&#8221;true&#8221; bg_type=&#8221;image&#8221; parallax_style=&#8221;vcpb-default&#8221; bg_image_new=&#8221;206|http:\/\/torpfrys.fi\/wp-content\/uploads\/2015\/08\/farmen-bg-1920.jpg&#8221; bg_image_repeat=&#8221;no-repeat&#8221; bg_image_posiiton=&#8221;center&#8221; min_height=&#8221;50%&#8221; el_class=&#8221;torpf-header-background&#8221;][vc_column][vc_column_text]<br \/>\n[\/vc_column_text][\/vc_column][\/vc_row][vc_row][vc_column width=&#8221;2\/3&#8243;][vc_row_inner css=&#8221;.vc_custom_1438775936343{margin-top: 20px !important;}&#8221;][vc_column_inner css=&#8221;.vc_custom_1438583246401{padding-bottom: 20px !important;}&#8221;][vc_column_text]<\/p>\n<h1>Turkistarha<\/h1>\n<p>[\/vc_column_text][\/vc_column_inner][\/vc_row_inner][vc_row_inner css=&#8221;.vc_custom_1438700656135{margin-bottom: 50px !important;}&#8221;][vc_column_inner width=&#8221;2\/3&#8243;][vc_column_text]<\/p>\n<h3>Torp Frys Ab:n tarha sijaitsee erillisell\u00e4 tarhausalueella Ala-\u00c4ht\u00e4v\u00e4ll\u00e4.<\/h3>\n<ul>\n<li>Tuotamme vuosittain noin 28 000 minkki\u00e4 ja 9 000 kettua.<\/li>\n<li>Tavoitteenamme on harjoittaa tarhausta, joka t\u00e4ytt\u00e4\u00e4 korkean yritysetiikan kriteerit niin el\u00e4inten, ihmisten kuin luonnonkin kannalta katsoen.<\/li>\n<li>Noudatamme voimassa olevia tarhausta ja siihen l\u00e4heisesti liittyvi\u00e4 aloja koskevia lakeja ja m\u00e4\u00e4r\u00e4yksi\u00e4.<\/li>\n<li>Seuraamme tarkasti tarhattavien el\u00e4intemme rehunk\u00e4ytt\u00f6\u00e4 ja kasvua sek\u00e4 analysoimme niit\u00e4 s\u00e4\u00e4nn\u00f6llisesti otettavin verikokein.<\/li>\n<li>Tarhausalueella luomme viihtyis\u00e4n ty\u00f6ymp\u00e4rist\u00f6n my\u00f6s muille ty\u00f6tovereille pit\u00e4m\u00e4ll\u00e4 oma ymp\u00e4rist\u00f6 siistin\u00e4.<\/li>\n<li>Torp Frysin tarhalla on jatkuvasti menossa kehitysty\u00f6.<\/li>\n<\/ul>\n<p>[\/vc_column_text][\/vc_column_inner][vc_column_inner width=&#8221;1\/3&#8243;][vc_column_text]<\/p>\n<h3>Yhteystiedot<\/h3>\n<p><strong>Tarhap\u00e4\u00e4llikk\u00f6<br \/>\n<\/strong>Lars-Johan M\u00e5rd<br \/>\nlars-johan.mard@torpfrys.fi<\/p>\n<p>Mikael M\u00e5rd<br \/>\nmikael.mard@torpfrys.fi<\/p>\n<div class=\"page\" title=\"Page 1\"><\/div>\n<p>[\/vc_column_text][\/vc_column_inner][\/vc_row_inner][\/vc_column][vc_column width=&#8221;1\/3&#8243; el_class=&#8221;torpf-yellow-sidebar&#8221;][vc_widget_sidebar show_bg=&#8221;false&#8221; sidebar_id=&#8221;sidebar_10&#8243;][\/vc_column][\/vc_row][vc_row margin_top=&#8221;20px&#8221;][vc_column][vc_single_image image=&#8221;387&#8243; img_size=&#8221;full&#8221; alignment=&#8221;center&#8221; image_hovers=&#8221;false&#8221;][\/vc_column][\/vc_row]<\/p>\n<\/div>","protected":false},"excerpt":{"rendered":"<p>[vc_row full_width=&#8221;true&#8221; bg_type=&#8221;image&#8221; parallax_style=&#8221;vcpb-default&#8221; bg_image_new=&#8221;206|http:\/\/torpfrys.fi\/wp-content\/uploads\/2015\/08\/farmen-bg-1920.jpg&#8221; bg_image_repeat=&#8221;no-repeat&#8221; bg_image_posiiton=&#8221;center&#8221; min_height=&#8221;50%&#8221; el_class=&#8221;torpf-header-background&#8221;][vc_column][vc_column_text] [\/vc_column_text][\/vc_column][\/vc_row][vc_row][vc_column width=&#8221;2\/3&#8243;][vc_row_inner css=&#8221;.vc_custom_1438775936343{margin-top: 20px !important;}&#8221;][vc_column_inner css=&#8221;.vc_custom_1438583246401{padding-bottom: 20px !important;}&#8221;][vc_column_text] Turkistarha [\/vc_column_text][\/vc_column_inner][\/vc_row_inner][vc_row_inner css=&#8221;.vc_custom_1438700656135{margin-bottom: 50px !important;}&#8221;][vc_column_inner width=&#8221;2\/3&#8243;][vc_column_text] Torp Frys Ab:n tarha sijaitsee erillisell\u00e4 tarhausalueella Ala-\u00c4ht\u00e4v\u00e4ll\u00e4. Tuotamme vuosittain noin 28 000 minkki\u00e4 ja 9 000 kettua. Tavoitteenamme on harjoittaa tarhausta, joka t\u00e4ytt\u00e4\u00e4 korkean yritysetiikan kriteerit niin el\u00e4inten, ihmisten kuin luonnonkin&hellip;<\/p>\n","protected":false},"author":8,"featured_media":0,"parent":0,"menu_order":0,"comment_status":"closed","ping_status":"closed","template":"","meta":{"footnotes":""},"class_list":["post-263","page","type-page","status-publish","hentry","description-off"],"yoast_head":"<!-- This site is optimized with the Yoast SEO plugin v24.9 - https:\/\/yoast.com\/wordpress\/plugins\/seo\/ -->\n<title>Torp Frys | Turkistarha<\/title>\n<meta name=\"description\" content=\"Torp Frysin turkistarha sijaitsee erillisell\u00e4 tarhausalueella Ala-\u00c4ht\u00e4v\u00e4ll\u00e4. Tavoitteenamme on harjoittaa tarhausta, joka t\u00e4ytt\u00e4\u00e4 korkean yritysetiikan kriteerit niin el\u00e4inten, ihmisten kuin luonnonkin kannalta katsoen.\" \/>\n<meta name=\"robots\" content=\"index, follow, max-snippet:-1, max-image-preview:large, max-video-preview:-1\" \/>\n<link rel=\"canonical\" href=\"https:\/\/torpfrys.fi\/fi\/turkistarha\/\" \/>\n<meta property=\"og:locale\" content=\"fi_FI\" \/>\n<meta property=\"og:type\" content=\"article\" \/>\n<meta property=\"og:title\" content=\"Torp Frys | Turkistarha\" \/>\n<meta property=\"og:description\" content=\"Torp Frysin turkistarha sijaitsee erillisell\u00e4 tarhausalueella Ala-\u00c4ht\u00e4v\u00e4ll\u00e4. Tavoitteenamme on harjoittaa tarhausta, joka t\u00e4ytt\u00e4\u00e4 korkean yritysetiikan kriteerit niin el\u00e4inten, ihmisten kuin luonnonkin kannalta katsoen.\" \/>\n<meta property=\"og:url\" content=\"https:\/\/torpfrys.fi\/fi\/turkistarha\/\" \/>\n<meta property=\"og:site_name\" content=\"Torp Frys\" \/>\n<meta property=\"article:modified_time\" content=\"2023-03-08T09:19:51+00:00\" \/>\n<meta name=\"twitter:card\" content=\"summary_large_image\" \/>\n<meta name=\"twitter:label1\" content=\"Arvioitu lukuaika\" \/>\n\t<meta name=\"twitter:data1\" content=\"1 minuutti\" \/>\n<script type=\"application\/ld+json\" class=\"yoast-schema-graph\">{\"@context\":\"https:\/\/schema.org\",\"@graph\":[{\"@type\":\"WebPage\",\"@id\":\"https:\/\/torpfrys.fi\/fi\/turkistarha\/\",\"url\":\"https:\/\/torpfrys.fi\/fi\/turkistarha\/\",\"name\":\"Torp Frys | Turkistarha\",\"isPartOf\":{\"@id\":\"https:\/\/torpfrys.fi\/fi\/#website\"},\"datePublished\":\"2015-08-04T15:40:26+00:00\",\"dateModified\":\"2023-03-08T09:19:51+00:00\",\"description\":\"Torp Frysin turkistarha sijaitsee erillisell\u00e4 tarhausalueella Ala-\u00c4ht\u00e4v\u00e4ll\u00e4. Tavoitteenamme on harjoittaa tarhausta, joka t\u00e4ytt\u00e4\u00e4 korkean yritysetiikan kriteerit niin el\u00e4inten, ihmisten kuin luonnonkin kannalta katsoen.\",\"breadcrumb\":{\"@id\":\"https:\/\/torpfrys.fi\/fi\/turkistarha\/#breadcrumb\"},\"inLanguage\":\"fi\",\"potentialAction\":[{\"@type\":\"ReadAction\",\"target\":[\"https:\/\/torpfrys.fi\/fi\/turkistarha\/\"]}]},{\"@type\":\"BreadcrumbList\",\"@id\":\"https:\/\/torpfrys.fi\/fi\/turkistarha\/#breadcrumb\",\"itemListElement\":[{\"@type\":\"ListItem\",\"position\":1,\"name\":\"Hem\",\"item\":\"https:\/\/torpfrys.fi\/fi\/\"},{\"@type\":\"ListItem\",\"position\":2,\"name\":\"Turkistarha\"}]},{\"@type\":\"WebSite\",\"@id\":\"https:\/\/torpfrys.fi\/fi\/#website\",\"url\":\"https:\/\/torpfrys.fi\/fi\/\",\"name\":\"Torp Frys\",\"description\":\"\",\"potentialAction\":[{\"@type\":\"SearchAction\",\"target\":{\"@type\":\"EntryPoint\",\"urlTemplate\":\"https:\/\/torpfrys.fi\/fi\/?s={search_term_string}\"},\"query-input\":{\"@type\":\"PropertyValueSpecification\",\"valueRequired\":true,\"valueName\":\"search_term_string\"}}],\"inLanguage\":\"fi\"}]}<\/script>\n<!-- \/ Yoast SEO plugin. -->","yoast_head_json":{"title":"Torp Frys | Turkistarha","description":"Torp Frysin turkistarha sijaitsee erillisell\u00e4 tarhausalueella Ala-\u00c4ht\u00e4v\u00e4ll\u00e4. Tavoitteenamme on harjoittaa tarhausta, joka t\u00e4ytt\u00e4\u00e4 korkean yritysetiikan kriteerit niin el\u00e4inten, ihmisten kuin luonnonkin kannalta katsoen.","robots":{"index":"index","follow":"follow","max-snippet":"max-snippet:-1","max-image-preview":"max-image-preview:large","max-video-preview":"max-video-preview:-1"},"canonical":"https:\/\/torpfrys.fi\/fi\/turkistarha\/","og_locale":"fi_FI","og_type":"article","og_title":"Torp Frys | Turkistarha","og_description":"Torp Frysin turkistarha sijaitsee erillisell\u00e4 tarhausalueella Ala-\u00c4ht\u00e4v\u00e4ll\u00e4. Tavoitteenamme on harjoittaa tarhausta, joka t\u00e4ytt\u00e4\u00e4 korkean yritysetiikan kriteerit niin el\u00e4inten, ihmisten kuin luonnonkin kannalta katsoen.","og_url":"https:\/\/torpfrys.fi\/fi\/turkistarha\/","og_site_name":"Torp Frys","article_modified_time":"2023-03-08T09:19:51+00:00","twitter_card":"summary_large_image","twitter_misc":{"Arvioitu lukuaika":"1 minuutti"},"schema":{"@context":"https:\/\/schema.org","@graph":[{"@type":"WebPage","@id":"https:\/\/torpfrys.fi\/fi\/turkistarha\/","url":"https:\/\/torpfrys.fi\/fi\/turkistarha\/","name":"Torp Frys | Turkistarha","isPartOf":{"@id":"https:\/\/torpfrys.fi\/fi\/#website"},"datePublished":"2015-08-04T15:40:26+00:00","dateModified":"2023-03-08T09:19:51+00:00","description":"Torp Frysin turkistarha sijaitsee erillisell\u00e4 tarhausalueella Ala-\u00c4ht\u00e4v\u00e4ll\u00e4. Tavoitteenamme on harjoittaa tarhausta, joka t\u00e4ytt\u00e4\u00e4 korkean yritysetiikan kriteerit niin el\u00e4inten, ihmisten kuin luonnonkin kannalta katsoen.","breadcrumb":{"@id":"https:\/\/torpfrys.fi\/fi\/turkistarha\/#breadcrumb"},"inLanguage":"fi","potentialAction":[{"@type":"ReadAction","target":["https:\/\/torpfrys.fi\/fi\/turkistarha\/"]}]},{"@type":"BreadcrumbList","@id":"https:\/\/torpfrys.fi\/fi\/turkistarha\/#breadcrumb","itemListElement":[{"@type":"ListItem","position":1,"name":"Hem","item":"https:\/\/torpfrys.fi\/fi\/"},{"@type":"ListItem","position":2,"name":"Turkistarha"}]},{"@type":"WebSite","@id":"https:\/\/torpfrys.fi\/fi\/#website","url":"https:\/\/torpfrys.fi\/fi\/","name":"Torp Frys","description":"","potentialAction":[{"@type":"SearchAction","target":{"@type":"EntryPoint","urlTemplate":"https:\/\/torpfrys.fi\/fi\/?s={search_term_string}"},"query-input":{"@type":"PropertyValueSpecification","valueRequired":true,"valueName":"search_term_string"}}],"inLanguage":"fi"}]}},"_links":{"self":[{"href":"https:\/\/torpfrys.fi\/fi\/wp-json\/wp\/v2\/pages\/263","targetHints":{"allow":["GET"]}}],"collection":[{"href":"https:\/\/torpfrys.fi\/fi\/wp-json\/wp\/v2\/pages"}],"about":[{"href":"https:\/\/torpfrys.fi\/fi\/wp-json\/wp\/v2\/types\/page"}],"author":[{"embeddable":true,"href":"https:\/\/torpfrys.fi\/fi\/wp-json\/wp\/v2\/users\/8"}],"replies":[{"embeddable":true,"href":"https:\/\/torpfrys.fi\/fi\/wp-json\/wp\/v2\/comments?post=263"}],"version-history":[{"count":5,"href":"https:\/\/torpfrys.fi\/fi\/wp-json\/wp\/v2\/pages\/263\/revisions"}],"predecessor-version":[{"id":13470,"href":"https:\/\/torpfrys.fi\/fi\/wp-json\/wp\/v2\/pages\/263\/revisions\/13470"}],"wp:attachment":[{"href":"https:\/\/torpfrys.fi\/fi\/wp-json\/wp\/v2\/media?parent=263"}],"curies":[{"name":"wp","href":"https:\/\/api.w.org\/{rel}","templated":true}]}}